{"id":1223,"date":"2023-07-27T14:06:30","date_gmt":"2023-07-27T12:06:30","guid":{"rendered":"https:\/\/transformadosmetalicostoral.com\/?page_id=1223"},"modified":"2024-04-30T13:56:12","modified_gmt":"2024-04-30T11:56:12","slug":"dienstleistungen","status":"publish","type":"page","link":"https:\/\/transformadosmetalicostoral.com\/de\/servicios\/","title":{"rendered":"Dienstleistungen"},"content":{"rendered":"<div data-elementor-type=\"wp-page\" data-elementor-id=\"1223\" class=\"elementor elementor-1223\" data-elementor-post-type=\"page\">\n\t\t\t\t<div class=\"elementor-element elementor-element-08f1898 e-flex e-con-boxed e-con e-parent\" data-id=\"08f1898\" data-element_type=\"container\" data-e-type=\"container\" data-settings=\"{&quot;background_background&quot;:&quot;classic&quot;,&quot;jet_parallax_layout_list&quot;:[]}\">\n\t\t\t\t\t<div class=\"e-con-inner\">\n\t\t\t\t<div class=\"elementor-element elementor-element-3c69550 elementor-widget elementor-widget-heading\" data-id=\"3c69550\" data-element_type=\"widget\" data-e-type=\"widget\" data-widget_type=\"heading.default\">\n\t\t\t\t<div class=\"elementor-widget-container\">\n\t\t\t\t\t<h1 class=\"elementor-heading-title elementor-size-default\">Dienstleistungen<\/h1>\t\t\t\t<\/div>\n\t\t\t\t<\/div>\n\t\t\t\t<div class=\"elementor-element elementor-element-59891f1 elementor-widget elementor-widget-spacer\" data-id=\"59891f1\" data-element_type=\"widget\" data-e-type=\"widget\" data-widget_type=\"spacer.default\">\n\t\t\t\t<div class=\"elementor-widget-container\">\n\t\t\t\t\t\t\t<div class=\"elementor-spacer\">\n\t\t\t<div class=\"elementor-spacer-inner\"><\/div>\n\t\t<\/div>\n\t\t\t\t\t\t<\/div>\n\t\t\t\t<\/div>\n\t\t<div class=\"elementor-element elementor-element-8f432f4 e-flex e-con-boxed e-con e-child\" data-id=\"8f432f4\" data-element_type=\"container\" data-e-type=\"container\" data-settings=\"{&quot;background_background&quot;:&quot;classic&quot;,&quot;jet_parallax_layout_list&quot;:[]}\">\n\t\t\t\t\t<div class=\"e-con-inner\">\n\t\t<div class=\"elementor-element elementor-element-3e3f3d3 e-con-full e-flex e-con e-child\" data-id=\"3e3f3d3\" data-element_type=\"container\" data-e-type=\"container\" data-settings=\"{&quot;jet_parallax_layout_list&quot;:[]}\">\n\t\t<a class=\"elementor-element elementor-element-86297ec e-con-full e-flex elementor-invisible e-con e-child\" data-id=\"86297ec\" data-element_type=\"container\" data-e-type=\"container\" data-settings=\"{&quot;background_background&quot;:&quot;classic&quot;,&quot;animation&quot;:&quot;fadeInUp&quot;,&quot;jet_parallax_layout_list&quot;:[]}\" href=\"https:\/\/transformadosmetalicostoral.com\/de\/dienstleistungen\/fabricacion-proyectos\/\">\n\t\t\t\t<div class=\"elementor-element elementor-element-98582be elementor-widget elementor-widget-heading\" data-id=\"98582be\" data-element_type=\"widget\" data-e-type=\"widget\" data-widget_type=\"heading.default\">\n\t\t\t\t<div class=\"elementor-widget-container\">\n\t\t\t\t\t<h2 class=\"elementor-heading-title elementor-size-default\">Projektfertigung<\/h2>\t\t\t\t<\/div>\n\t\t\t\t<\/div>\n\t\t\t\t<div class=\"elementor-element elementor-element-abff793 elementor-widget elementor-widget-spacer\" data-id=\"abff793\" data-element_type=\"widget\" data-e-type=\"widget\" data-widget_type=\"spacer.default\">\n\t\t\t\t<div class=\"elementor-widget-container\">\n\t\t\t\t\t\t\t<div class=\"elementor-spacer\">\n\t\t\t<div class=\"elementor-spacer-inner\"><\/div>\n\t\t<\/div>\n\t\t\t\t\t\t<\/div>\n\t\t\t\t<\/div>\n\t\t\t\t<\/a>\n\t\t\t\t<\/div>\n\t\t<div class=\"elementor-element elementor-element-0172b5f e-con-full e-flex e-con e-child\" data-id=\"0172b5f\" data-element_type=\"container\" data-e-type=\"container\" data-settings=\"{&quot;jet_parallax_layout_list&quot;:[]}\">\n\t\t<a class=\"elementor-element elementor-element-ba97990 e-flex e-con-boxed elementor-invisible e-con e-child\" data-id=\"ba97990\" data-element_type=\"container\" data-e-type=\"container\" data-settings=\"{&quot;background_background&quot;:&quot;classic&quot;,&quot;animation&quot;:&quot;fadeInUp&quot;,&quot;animation_delay&quot;:100,&quot;jet_parallax_layout_list&quot;:[]}\" href=\"https:\/\/transformadosmetalicostoral.com\/de\/dienstleistungen\/maschinenbau\/\">\n\t\t\t\t\t<div class=\"e-con-inner\">\n\t\t\t\t<div class=\"elementor-element elementor-element-b71b52c elementor-widget elementor-widget-heading\" data-id=\"b71b52c\" data-element_type=\"widget\" data-e-type=\"widget\" data-widget_type=\"heading.default\">\n\t\t\t\t<div class=\"elementor-widget-container\">\n\t\t\t\t\t<h2 class=\"elementor-heading-title elementor-size-default\">Ingenieurprojekte<\/h2>\t\t\t\t<\/div>\n\t\t\t\t<\/div>\n\t\t\t\t<div class=\"elementor-element elementor-element-66afcc5 elementor-widget elementor-widget-spacer\" data-id=\"66afcc5\" data-element_type=\"widget\" data-e-type=\"widget\" data-widget_type=\"spacer.default\">\n\t\t\t\t<div class=\"elementor-widget-container\">\n\t\t\t\t\t\t\t<div class=\"elementor-spacer\">\n\t\t\t<div class=\"elementor-spacer-inner\"><\/div>\n\t\t<\/div>\n\t\t\t\t\t\t<\/div>\n\t\t\t\t<\/div>\n\t\t\t\t\t<\/div>\n\t\t\t\t<\/a>\n\t\t\t\t<\/div>\n\t\t<div class=\"elementor-element elementor-element-5ae8b1b e-con-full e-flex e-con e-child\" data-id=\"5ae8b1b\" data-element_type=\"container\" data-e-type=\"container\" data-settings=\"{&quot;jet_parallax_layout_list&quot;:[]}\">\n\t\t<a class=\"elementor-element elementor-element-faf2806 e-flex e-con-boxed elementor-invisible e-con e-child\" data-id=\"faf2806\" data-element_type=\"container\" data-e-type=\"container\" data-settings=\"{&quot;background_background&quot;:&quot;classic&quot;,&quot;animation&quot;:&quot;fadeInUp&quot;,&quot;animation_delay&quot;:200,&quot;jet_parallax_layout_list&quot;:[]}\" href=\"https:\/\/transformadosmetalicostoral.com\/de\/dienstleistungen\/fabricacion-serie\/\">\n\t\t\t\t\t<div class=\"e-con-inner\">\n\t\t\t\t<div class=\"elementor-element elementor-element-b601c61 elementor-widget elementor-widget-heading\" data-id=\"b601c61\" data-element_type=\"widget\" data-e-type=\"widget\" data-widget_type=\"heading.default\">\n\t\t\t\t<div class=\"elementor-widget-container\">\n\t\t\t\t\t<h2 class=\"elementor-heading-title elementor-size-default\">Massenproduktion<\/h2>\t\t\t\t<\/div>\n\t\t\t\t<\/div>\n\t\t\t\t<div class=\"elementor-element elementor-element-0ad83c7 elementor-widget elementor-widget-spacer\" data-id=\"0ad83c7\" data-element_type=\"widget\" data-e-type=\"widget\" data-widget_type=\"spacer.default\">\n\t\t\t\t<div class=\"elementor-widget-container\">\n\t\t\t\t\t\t\t<div class=\"elementor-spacer\">\n\t\t\t<div class=\"elementor-spacer-inner\"><\/div>\n\t\t<\/div>\n\t\t\t\t\t\t<\/div>\n\t\t\t\t<\/div>\n\t\t\t\t\t<\/div>\n\t\t\t\t<\/a>\n\t\t\t\t<\/div>\n\t\t\t\t\t<\/div>\n\t\t\t\t<\/div>\n\t\t\t\t<div class=\"elementor-element elementor-element-a323330 elementor-widget elementor-widget-spacer\" data-id=\"a323330\" data-element_type=\"widget\" data-e-type=\"widget\" data-widget_type=\"spacer.default\">\n\t\t\t\t<div class=\"elementor-widget-container\">\n\t\t\t\t\t\t\t<div class=\"elementor-spacer\">\n\t\t\t<div class=\"elementor-spacer-inner\"><\/div>\n\t\t<\/div>\n\t\t\t\t\t\t<\/div>\n\t\t\t\t<\/div>\n\t\t<div class=\"elementor-element elementor-element-f559b5e e-flex e-con-boxed elementor-invisible e-con e-child\" data-id=\"f559b5e\" data-element_type=\"container\" data-e-type=\"container\" data-settings=\"{&quot;background_background&quot;:&quot;classic&quot;,&quot;animation&quot;:&quot;slideInUp&quot;,&quot;jet_parallax_layout_list&quot;:[]}\">\n\t\t\t\t\t<div class=\"e-con-inner\">\n\t\t\t\t<div class=\"elementor-element elementor-element-d80b9d6 elementor-widget elementor-widget-heading\" data-id=\"d80b9d6\" data-element_type=\"widget\" data-e-type=\"widget\" data-widget_type=\"heading.default\">\n\t\t\t\t<div class=\"elementor-widget-container\">\n\t\t\t\t\t<h2 class=\"elementor-heading-title elementor-size-default\">Wie k\u00f6nnen wir Ihnen helfen?<\/h2>\t\t\t\t<\/div>\n\t\t\t\t<\/div>\n\t\t\t\t<div class=\"elementor-element elementor-element-2e9ba5b elementor-widget elementor-widget-spacer\" data-id=\"2e9ba5b\" data-element_type=\"widget\" data-e-type=\"widget\" data-widget_type=\"spacer.default\">\n\t\t\t\t<div class=\"elementor-widget-container\">\n\t\t\t\t\t\t\t<div class=\"elementor-spacer\">\n\t\t\t<div class=\"elementor-spacer-inner\"><\/div>\n\t\t<\/div>\n\t\t\t\t\t\t<\/div>\n\t\t\t\t<\/div>\n\t\t\t\t<div class=\"elementor-element elementor-element-caaec95 elementor-widget__width-initial elementor-widget elementor-widget-text-editor\" data-id=\"caaec95\" data-element_type=\"widget\" data-e-type=\"widget\" data-widget_type=\"text-editor.default\">\n\t\t\t\t<div class=\"elementor-widget-container\">\n\t\t\t\t\t\t\t\t\t<ul><li>Montage und Inbetriebnahme von Industrieanlagen.<br \/><br \/><\/li><li>Eigenes Team von mehr als 10 erfahrenen mechanischen Monteuren und Einstellern.<br \/><br \/><\/li><li>Demontage-, Transfer- und mechanische Montageservice.<br \/><br \/><\/li><li>Wir k\u00f6nnen unsere Produkte direkt beim Kunden vor Ort montieren.<br \/><br \/><\/li><li>St\u00fcndliche Vergabe von Unterauftr\u00e4gen an zugelassene Monteure.<br \/><br \/><\/li><li>Wir sind im Register akkreditierter Unternehmen (REA) registriert und k\u00f6nnen im Bausektor t\u00e4tig sein.<\/li><\/ul>\t\t\t\t\t\t\t\t<\/div>\n\t\t\t\t<\/div>\n\t\t\t\t\t<\/div>\n\t\t\t\t<\/div>\n\t\t\t\t\t<\/div>\n\t\t\t\t<\/div>\n\t\t\t\t<\/div>","protected":false},"excerpt":{"rendered":"<p>Servicios Fabricaci\u00f3n por proyectos Proyectos de Ingenier\u00eda Fabricaci\u00f3n en serie \u00bfC\u00f3mo podemos ayudarte? Montaje y puesta a punto de instalaciones industriales. Equipo propio de m\u00e1s de 10 montadores y ajustadores mec\u00e1nicos expertos. Servicio de desmontajes, traslados, y montajes mec\u00e1nicos. Podemos montar nuestros fabricados directamente en las instalaciones del cliente. Subcontrataci\u00f3n por horas de montadores homologados. [&hellip;]<\/p>\n","protected":false},"author":4,"featured_media":1576,"parent":0,"menu_order":0,"comment_status":"closed","ping_status":"closed","template":"elementor_header_footer","meta":{"_monsterinsights_skip_tracking":false,"_monsterinsights_sitenote_active":false,"_monsterinsights_sitenote_note":"","_monsterinsights_sitenote_category":0,"footnotes":""},"class_list":["post-1223","page","type-page","status-publish","has-post-thumbnail","hentry"],"yoast_head":"<!-- This site is optimized with the Yoast SEO plugin v27.4 - https:\/\/yoast.com\/product\/yoast-seo-wordpress\/ -->\n<title>Servicios industriales - Transformados Met\u00e1licos Toral<\/title>\n<meta name=\"description\" content=\"Fabricaci\u00f3n y dise\u00f1o de proyectos de ingenier\u00eda para cualquier sector. Contacta con nosotros y te asesoraremos en tu idea.\" \/>\n<meta name=\"robots\" content=\"index, follow, max-snippet:-1, max-image-preview:large, max-video-preview:-1\" \/>\n<link rel=\"canonical\" href=\"https:\/\/transformadosmetalicostoral.com\/de\/dienstleistungen\/\" \/>\n<meta property=\"og:locale\" content=\"de_DE\" \/>\n<meta property=\"og:type\" content=\"article\" \/>\n<meta property=\"og:title\" content=\"Servicios industriales - Transformados Met\u00e1licos Toral\" \/>\n<meta property=\"og:description\" content=\"Fabricaci\u00f3n y dise\u00f1o de proyectos de ingenier\u00eda para cualquier sector. Contacta con nosotros y te asesoraremos en tu idea.\" \/>\n<meta property=\"og:url\" content=\"https:\/\/transformadosmetalicostoral.com\/de\/dienstleistungen\/\" \/>\n<meta property=\"og:site_name\" content=\"Transformados Met\u00e1licos Toral\" \/>\n<meta property=\"article:publisher\" content=\"https:\/\/www.facebook.com\/p\/Transformados-Metalicos-Toral-100046589936217\/\" \/>\n<meta property=\"article:modified_time\" content=\"2024-04-30T11:56:12+00:00\" \/>\n<meta property=\"og:image\" content=\"https:\/\/transformadosmetalicostoral.com\/wp-content\/uploads\/2023\/08\/Transformados-metalicos-Toral-Valladolid_49.webp\" \/>\n\t<meta property=\"og:image:width\" content=\"752\" \/>\n\t<meta property=\"og:image:height\" content=\"1028\" \/>\n\t<meta property=\"og:image:type\" content=\"image\/webp\" \/>\n<meta name=\"twitter:card\" content=\"summary_large_image\" \/>\n<meta name=\"twitter:label1\" content=\"Gesch\u00e4tzte Lesezeit\" \/>\n\t<meta name=\"twitter:data1\" content=\"1\u00a0Minute\" \/>\n<script type=\"application\/ld+json\" class=\"yoast-schema-graph\">{\"@context\":\"https:\\\/\\\/schema.org\",\"@graph\":[{\"@type\":\"WebPage\",\"@id\":\"https:\\\/\\\/transformadosmetalicostoral.com\\\/servicios\\\/\",\"url\":\"https:\\\/\\\/transformadosmetalicostoral.com\\\/servicios\\\/\",\"name\":\"Servicios industriales - Transformados Met\u00e1licos Toral\",\"isPartOf\":{\"@id\":\"https:\\\/\\\/transformadosmetalicostoral.com\\\/#website\"},\"primaryImageOfPage\":{\"@id\":\"https:\\\/\\\/transformadosmetalicostoral.com\\\/servicios\\\/#primaryimage\"},\"image\":{\"@id\":\"https:\\\/\\\/transformadosmetalicostoral.com\\\/servicios\\\/#primaryimage\"},\"thumbnailUrl\":\"https:\\\/\\\/transformadosmetalicostoral.com\\\/wp-content\\\/uploads\\\/2023\\\/08\\\/Transformados-metalicos-Toral-Valladolid_49.webp\",\"datePublished\":\"2023-07-27T12:06:30+00:00\",\"dateModified\":\"2024-04-30T11:56:12+00:00\",\"description\":\"Fabricaci\u00f3n y dise\u00f1o de proyectos de ingenier\u00eda para cualquier sector. Contacta con nosotros y te asesoraremos en tu idea.\",\"breadcrumb\":{\"@id\":\"https:\\\/\\\/transformadosmetalicostoral.com\\\/servicios\\\/#breadcrumb\"},\"inLanguage\":\"de\",\"potentialAction\":[{\"@type\":\"ReadAction\",\"target\":[\"https:\\\/\\\/transformadosmetalicostoral.com\\\/servicios\\\/\"]}]},{\"@type\":\"ImageObject\",\"inLanguage\":\"de\",\"@id\":\"https:\\\/\\\/transformadosmetalicostoral.com\\\/servicios\\\/#primaryimage\",\"url\":\"https:\\\/\\\/transformadosmetalicostoral.com\\\/wp-content\\\/uploads\\\/2023\\\/08\\\/Transformados-metalicos-Toral-Valladolid_49.webp\",\"contentUrl\":\"https:\\\/\\\/transformadosmetalicostoral.com\\\/wp-content\\\/uploads\\\/2023\\\/08\\\/Transformados-metalicos-Toral-Valladolid_49.webp\",\"width\":752,\"height\":1028,\"caption\":\"Empresa de fabricaci\u00f3n de piezas\"},{\"@type\":\"BreadcrumbList\",\"@id\":\"https:\\\/\\\/transformadosmetalicostoral.com\\\/servicios\\\/#breadcrumb\",\"itemListElement\":[{\"@type\":\"ListItem\",\"position\":1,\"name\":\"Portada\",\"item\":\"https:\\\/\\\/transformadosmetalicostoral.com\\\/\"},{\"@type\":\"ListItem\",\"position\":2,\"name\":\"Servicios\"}]},{\"@type\":\"WebSite\",\"@id\":\"https:\\\/\\\/transformadosmetalicostoral.com\\\/#website\",\"url\":\"https:\\\/\\\/transformadosmetalicostoral.com\\\/\",\"name\":\"Transformados met\u00e1licos Toral\",\"description\":\"Trabajos de estampaci\u00f3n y\u00a0embutici\u00f3n de piezas met\u00e1licas, soldadura de acero, aluminio y acero inoxidable, y en el dise\u00f1o, construcci\u00f3n\u00a0y montaje de instalaciones mec\u00e1nicas llave en mano\",\"publisher\":{\"@id\":\"https:\\\/\\\/transformadosmetalicostoral.com\\\/#organization\"},\"alternateName\":\"Transformados met\u00e1licos Toral\",\"potentialAction\":[{\"@type\":\"SearchAction\",\"target\":{\"@type\":\"EntryPoint\",\"urlTemplate\":\"https:\\\/\\\/transformadosmetalicostoral.com\\\/?s={search_term_string}\"},\"query-input\":{\"@type\":\"PropertyValueSpecification\",\"valueRequired\":true,\"valueName\":\"search_term_string\"}}],\"inLanguage\":\"de\"},{\"@type\":\"Organization\",\"@id\":\"https:\\\/\\\/transformadosmetalicostoral.com\\\/#organization\",\"name\":\"Transformados met\u00e1licos Toral\",\"alternateName\":\"Transformados met\u00e1licos Toral\",\"url\":\"https:\\\/\\\/transformadosmetalicostoral.com\\\/\",\"logo\":{\"@type\":\"ImageObject\",\"inLanguage\":\"de\",\"@id\":\"https:\\\/\\\/transformadosmetalicostoral.com\\\/#\\\/schema\\\/logo\\\/image\\\/\",\"url\":\"https:\\\/\\\/transformadosmetalicostoral.com\\\/wp-content\\\/uploads\\\/2023\\\/06\\\/favicon.png\",\"contentUrl\":\"https:\\\/\\\/transformadosmetalicostoral.com\\\/wp-content\\\/uploads\\\/2023\\\/06\\\/favicon.png\",\"width\":512,\"height\":512,\"caption\":\"Transformados met\u00e1licos Toral\"},\"image\":{\"@id\":\"https:\\\/\\\/transformadosmetalicostoral.com\\\/#\\\/schema\\\/logo\\\/image\\\/\"},\"sameAs\":[\"https:\\\/\\\/www.facebook.com\\\/p\\\/Transformados-Metalicos-Toral-100046589936217\\\/\",\"https:\\\/\\\/es.linkedin.com\\\/company\\\/transformados-metalicos-toral-sl\"]}]}<\/script>\n<!-- \/ Yoast SEO plugin. -->","yoast_head_json":{"title":"Industrielle Dienstleistungen - Metal Transformed Toral","description":"Herstellung und Design von Ingenieurprojekten f\u00fcr jeden Sektor. Kontaktieren Sie uns und wir beraten Sie zu Ihrer Idee.","robots":{"index":"index","follow":"follow","max-snippet":"max-snippet:-1","max-image-preview":"max-image-preview:large","max-video-preview":"max-video-preview:-1"},"canonical":"https:\/\/transformadosmetalicostoral.com\/de\/dienstleistungen\/","og_locale":"de_DE","og_type":"article","og_title":"Servicios industriales - Transformados Met\u00e1licos Toral","og_description":"Fabricaci\u00f3n y dise\u00f1o de proyectos de ingenier\u00eda para cualquier sector. Contacta con nosotros y te asesoraremos en tu idea.","og_url":"https:\/\/transformadosmetalicostoral.com\/de\/dienstleistungen\/","og_site_name":"Transformados Met\u00e1licos Toral","article_publisher":"https:\/\/www.facebook.com\/p\/Transformados-Metalicos-Toral-100046589936217\/","article_modified_time":"2024-04-30T11:56:12+00:00","og_image":[{"width":752,"height":1028,"url":"https:\/\/transformadosmetalicostoral.com\/wp-content\/uploads\/2023\/08\/Transformados-metalicos-Toral-Valladolid_49.webp","type":"image\/webp"}],"twitter_card":"summary_large_image","twitter_misc":{"Gesch\u00e4tzte Lesezeit":"1\u00a0Minute"},"schema":{"@context":"https:\/\/schema.org","@graph":[{"@type":"WebPage","@id":"https:\/\/transformadosmetalicostoral.com\/servicios\/","url":"https:\/\/transformadosmetalicostoral.com\/servicios\/","name":"Industrielle Dienstleistungen - Metal Transformed Toral","isPartOf":{"@id":"https:\/\/transformadosmetalicostoral.com\/#website"},"primaryImageOfPage":{"@id":"https:\/\/transformadosmetalicostoral.com\/servicios\/#primaryimage"},"image":{"@id":"https:\/\/transformadosmetalicostoral.com\/servicios\/#primaryimage"},"thumbnailUrl":"https:\/\/transformadosmetalicostoral.com\/wp-content\/uploads\/2023\/08\/Transformados-metalicos-Toral-Valladolid_49.webp","datePublished":"2023-07-27T12:06:30+00:00","dateModified":"2024-04-30T11:56:12+00:00","description":"Herstellung und Design von Ingenieurprojekten f\u00fcr jeden Sektor. Kontaktieren Sie uns und wir beraten Sie zu Ihrer Idee.","breadcrumb":{"@id":"https:\/\/transformadosmetalicostoral.com\/servicios\/#breadcrumb"},"inLanguage":"de","potentialAction":[{"@type":"ReadAction","target":["https:\/\/transformadosmetalicostoral.com\/servicios\/"]}]},{"@type":"ImageObject","inLanguage":"de","@id":"https:\/\/transformadosmetalicostoral.com\/servicios\/#primaryimage","url":"https:\/\/transformadosmetalicostoral.com\/wp-content\/uploads\/2023\/08\/Transformados-metalicos-Toral-Valladolid_49.webp","contentUrl":"https:\/\/transformadosmetalicostoral.com\/wp-content\/uploads\/2023\/08\/Transformados-metalicos-Toral-Valladolid_49.webp","width":752,"height":1028,"caption":"Empresa de fabricaci\u00f3n de piezas"},{"@type":"BreadcrumbList","@id":"https:\/\/transformadosmetalicostoral.com\/servicios\/#breadcrumb","itemListElement":[{"@type":"ListItem","position":1,"name":"Portada","item":"https:\/\/transformadosmetalicostoral.com\/"},{"@type":"ListItem","position":2,"name":"Servicios"}]},{"@type":"WebSite","@id":"https:\/\/transformadosmetalicostoral.com\/#website","url":"https:\/\/transformadosmetalicostoral.com\/","name":"Toral Metalltransformatoren","description":"Stanz- und Zieharbeiten an Metallteilen, Schwei\u00dfen von Stahl, Aluminium und Edelstahl sowie Entwurf, Konstruktion und Montage schl\u00fcsselfertiger mechanischer Anlagen","publisher":{"@id":"https:\/\/transformadosmetalicostoral.com\/#organization"},"alternateName":"Transformados met\u00e1licos Toral","potentialAction":[{"@type":"SearchAction","target":{"@type":"EntryPoint","urlTemplate":"https:\/\/transformadosmetalicostoral.com\/?s={search_term_string}"},"query-input":{"@type":"PropertyValueSpecification","valueRequired":true,"valueName":"search_term_string"}}],"inLanguage":"de"},{"@type":"Organization","@id":"https:\/\/transformadosmetalicostoral.com\/#organization","name":"Toral Metalltransformatoren","alternateName":"Transformados met\u00e1licos Toral","url":"https:\/\/transformadosmetalicostoral.com\/","logo":{"@type":"ImageObject","inLanguage":"de","@id":"https:\/\/transformadosmetalicostoral.com\/#\/schema\/logo\/image\/","url":"https:\/\/transformadosmetalicostoral.com\/wp-content\/uploads\/2023\/06\/favicon.png","contentUrl":"https:\/\/transformadosmetalicostoral.com\/wp-content\/uploads\/2023\/06\/favicon.png","width":512,"height":512,"caption":"Transformados met\u00e1licos Toral"},"image":{"@id":"https:\/\/transformadosmetalicostoral.com\/#\/schema\/logo\/image\/"},"sameAs":["https:\/\/www.facebook.com\/p\/Transformados-Metalicos-Toral-100046589936217\/","https:\/\/es.linkedin.com\/company\/transformados-metalicos-toral-sl"]}]}},"_links":{"self":[{"href":"https:\/\/transformadosmetalicostoral.com\/de\/wp-json\/wp\/v2\/pages\/1223","targetHints":{"allow":["GET"]}}],"collection":[{"href":"https:\/\/transformadosmetalicostoral.com\/de\/wp-json\/wp\/v2\/pages"}],"about":[{"href":"https:\/\/transformadosmetalicostoral.com\/de\/wp-json\/wp\/v2\/types\/page"}],"author":[{"embeddable":true,"href":"https:\/\/transformadosmetalicostoral.com\/de\/wp-json\/wp\/v2\/users\/4"}],"replies":[{"embeddable":true,"href":"https:\/\/transformadosmetalicostoral.com\/de\/wp-json\/wp\/v2\/comments?post=1223"}],"version-history":[{"count":3,"href":"https:\/\/transformadosmetalicostoral.com\/de\/wp-json\/wp\/v2\/pages\/1223\/revisions"}],"predecessor-version":[{"id":2111,"href":"https:\/\/transformadosmetalicostoral.com\/de\/wp-json\/wp\/v2\/pages\/1223\/revisions\/2111"}],"wp:featuredmedia":[{"embeddable":true,"href":"https:\/\/transformadosmetalicostoral.com\/de\/wp-json\/wp\/v2\/media\/1576"}],"wp:attachment":[{"href":"https:\/\/transformadosmetalicostoral.com\/de\/wp-json\/wp\/v2\/media?parent=1223"}],"curies":[{"name":"wp","href":"https:\/\/api.w.org\/{rel}","templated":true}]}}