{"id":1241,"date":"2023-07-27T14:08:38","date_gmt":"2023-07-27T12:08:38","guid":{"rendered":"https:\/\/transformadosmetalicostoral.com\/?page_id=1241"},"modified":"2023-09-13T12:21:46","modified_gmt":"2023-09-13T10:21:46","slug":"rechtliche-warnung","status":"publish","type":"page","link":"https:\/\/transformadosmetalicostoral.com\/de\/aviso-legal\/","title":{"rendered":"Rechtliche Warnung"},"content":{"rendered":"<div data-elementor-type=\"wp-page\" data-elementor-id=\"1241\" class=\"elementor elementor-1241\" data-elementor-post-type=\"page\">\n\t\t\t\t<div class=\"elementor-element elementor-element-327364e e-flex e-con-boxed e-con e-parent\" data-id=\"327364e\" data-element_type=\"container\" data-e-type=\"container\" data-settings=\"{&quot;background_background&quot;:&quot;classic&quot;,&quot;jet_parallax_layout_list&quot;:[]}\">\n\t\t\t\t\t<div class=\"e-con-inner\">\n\t\t\t\t<div class=\"elementor-element elementor-element-a39cec4 elementor-widget elementor-widget-heading\" data-id=\"a39cec4\" data-element_type=\"widget\" data-e-type=\"widget\" data-widget_type=\"heading.default\">\n\t\t\t\t<div class=\"elementor-widget-container\">\n\t\t\t\t\t<h1 class=\"elementor-heading-title elementor-size-default\">Rechtliche Warnung<\/h1>\t\t\t\t<\/div>\n\t\t\t\t<\/div>\n\t\t\t\t<div class=\"elementor-element elementor-element-329f605 elementor-widget-divider--view-line elementor-widget elementor-widget-divider\" data-id=\"329f605\" data-element_type=\"widget\" data-e-type=\"widget\" data-widget_type=\"divider.default\">\n\t\t\t\t<div class=\"elementor-widget-container\">\n\t\t\t\t\t\t\t<div class=\"elementor-divider\">\n\t\t\t<span class=\"elementor-divider-separator\">\n\t\t\t\t\t\t<\/span>\n\t\t<\/div>\n\t\t\t\t\t\t<\/div>\n\t\t\t\t<\/div>\n\t\t\t\t<div class=\"elementor-element elementor-element-2d9d794 elementor-widget elementor-widget-text-editor\" data-id=\"2d9d794\" data-element_type=\"widget\" data-e-type=\"widget\" data-widget_type=\"text-editor.default\">\n\t\t\t\t<div class=\"elementor-widget-container\">\n\t\t\t\t\t\t\t\t\t<h2>GESETZ DER DIENSTLEISTUNGEN DER INFORMATIONSGESELLSCHAFT (LSSI)<\/h2><p>TRANSFORMADOS MET\u00c1LICOS TORAL, SL, verantwortlich f\u00fcr die Website, im Folgenden VERANTWORTLICH genannt, stellt dieses Dokument den Benutzern zur Verf\u00fcgung, mit dem es beabsichtigt, den im Gesetz 34\/2002 vom 11. Juli \u00fcber Sicherheitsdienste festgelegten Verpflichtungen nachzukommen. der Informationsgesellschaft und Electronic Commerce (LSSICE), BOE Nr. 166, sowie Information aller Nutzer der Website \u00fcber die Nutzungsbedingungen.<\/p><p>Jede Person, die auf diese Website zugreift, \u00fcbernimmt die Rolle des Benutzers und verpflichtet sich zur strikten Einhaltung und Einhaltung der hier dargelegten Bestimmungen sowie aller anderen m\u00f6glicherweise anwendbaren gesetzlichen Bestimmungen.<\/p><p>TRANSFORMADOS MET\u00c1LICOS TORAL, SL beh\u00e4lt sich das Recht vor, jede Art von Informationen, die auf der Website erscheinen, zu \u00e4ndern, ohne dass eine Verpflichtung besteht, die Benutzer \u00fcber diese \u00c4nderungen zu benachrichtigen oder zu informieren, wobei die Ver\u00f6ffentlichung auf der Website als ausreichend angesehen wird. TRANSFORMADOS MET\u00c1LICOS TORAL, SL<\/p><p>\u00a0<\/p><h2>1. IDENTIFIZIERUNGSDATEN<\/h2><ul><li>Domainname: www.transformadosmetalicostoral.com<\/li><li>Handelsname: Transformed Metallic Toral<\/li><li>Firmenname: TRANSFORMADOS MET\u00c1LICOS TORAL, SL NIF: B47311303<\/li><li>Sitz: C\/ Plata 58 \u2013 Valladolid<\/li><li>Telefon: +34 983 303 135<\/li><li>E-Mail: tmt@transformadosmetalicostoral.com<\/li><li>Eingetragen im Handelsregister von Valladolid<\/li><\/ul><p>\u00a0<\/p><h2>2. GEISTIGE UND GEWERBLICHE EIGENTUMSRECHTE<\/h2><p>Die Website, einschlie\u00dflich, aber nicht beschr\u00e4nkt auf ihre Programmierung, Bearbeitung, Zusammenstellung und andere f\u00fcr ihren Betrieb erforderliche Elemente, die Designs, Logos, Texte und\/oder Grafiken, sind Eigentum des VERANTWORTLICHEN oder verf\u00fcgen gegebenenfalls \u00fcber eine Lizenz. oder ausdr\u00fcckliche Genehmigung der Autoren. Alle Inhalte der Website sind ordnungsgem\u00e4\u00df durch die Vorschriften zum geistigen und gewerblichen Eigentum gesch\u00fctzt und in den entsprechenden \u00f6ffentlichen Registern eingetragen.<\/p><p>Unabh\u00e4ngig vom Zweck, f\u00fcr den sie bestimmt waren, bedarf die vollst\u00e4ndige oder teilweise Vervielf\u00e4ltigung, Nutzung, Verwertung, Verbreitung und Vermarktung in jedem Fall der vorherigen schriftlichen Genehmigung des VERANTWORTLICHEN. Jede nicht zuvor genehmigte Nutzung gilt als schwerwiegende Verletzung der geistigen oder gewerblichen Eigentumsrechte des Autors.<\/p><p>Die Designs, Logos, Texte und\/oder Grafiken, die nicht der VERANTWORTLICHE sind und auf der Website erscheinen k\u00f6nnen, geh\u00f6ren ihren jeweiligen Eigent\u00fcmern, die selbst f\u00fcr etwaige Kontroversen verantwortlich sind, die in Bezug auf sie entstehen k\u00f6nnen. Der VERANTWORTLICHE erm\u00e4chtigt Dritte ausdr\u00fccklich, direkt auf die spezifischen Inhalte der Website und in jedem Fall auf die Hauptwebsite von weiterzuleiten <a href=\"http:\/\/transformadosmetalicostoral.com\/de\/\">www.transformadosmetalicostoral.com.<\/a><\/p><p>Der VERANTWORTLICHE erkennt die entsprechenden geistigen und gewerblichen Eigentumsrechte zugunsten ihrer Eigent\u00fcmer an, und ihre blo\u00dfe Erw\u00e4hnung oder ihr Erscheinen auf der Website impliziert nicht das Bestehen von Rechten oder Verantwortung gegen\u00fcber ihnen, noch impliziert dies eine Billigung, F\u00f6rderung oder Empfehlung durch ihn . .<\/p><p>Um etwaige Verst\u00f6\u00dfe gegen geistige oder gewerbliche Eigentumsrechte sowie Inhalte der Website jeglicher Art zu bemerken, k\u00f6nnen Sie dies per E-Mail tun<a href=\"mailto:tmt@transformadosmetalicostoral.com\"> tmt@transformadosmetalicostoral.com.<\/a><\/p><p>\u00a0<\/p><h2>3. HAFTUNGSAUSSCHLUSS<\/h2><p>Der VERANTWORTLICHE ist von jeglicher Verantwortung befreit, die sich aus den auf seiner Website ver\u00f6ffentlichten Informationen ergibt, wenn diese Informationen von Dritten, die nichts mit ihm zu tun haben, manipuliert oder eingef\u00fchrt wurden.<\/p><h3><br \/>Verwendung von Cookies<\/h3><p>Diese Website kann technische Cookies (kleine Informationsdateien, die der Server an den Computer der Person sendet, die auf die Seite zugreift) verwenden, um bestimmte Funktionen auszuf\u00fchren, die f\u00fcr das ordnungsgem\u00e4\u00dfe Funktionieren und die Anzeige der Website als wesentlich erachtet werden. Die verwendeten Cookies sind in jedem Fall vor\u00fcbergehender Natur und dienen ausschlie\u00dflich dazu, die Navigation effizienter zu gestalten. Sie verschwinden, wenn die Sitzung des Benutzers endet. In keinem Fall stellen diese Cookies selbst personenbezogene Daten bereit und werden nicht zu deren Erhebung verwendet.<\/p><p>Durch die Verwendung von Cookies ist es dem Server, auf dem sich die Website befindet, auch m\u00f6glich, den vom Benutzer verwendeten Browser zu erkennen, um die Navigation zu erleichtern und beispielsweise Benutzern den Zugriff zu erm\u00f6glichen, die sich zuvor f\u00fcr die Bereiche und Dienste registriert haben , Werbeaktionen oder Wettbewerbe, die ausschlie\u00dflich ihnen vorbehalten sind, ohne dass Sie sich f\u00fcr jeden Besuch registrieren m\u00fcssen. Sie k\u00f6nnen auch zur Messung des Publikums, von Verkehrsparametern, zur Steuerung des Fortschritts und der Anzahl der Eintr\u00e4ge usw. verwendet werden. In diesen F\u00e4llen sind Cookies zwar technisch entbehrlich, aber f\u00fcr den Benutzer von Vorteil. Diese Website wird ohne vorherige Zustimmung des Nutzers keine entbehrlichen Cookies installieren.<\/p><p>Diese Website verwendet analytische Cookies (_ga oder _utm) von Google Analytics, die zwei Jahre lang bestehen bleiben, um unsere Dienste durch die Analyse Ihrer Surfgewohnheiten zu verbessern. Jeder Benutzer, der die Website besucht, wird \u00fcber die Verwendung dieses Cookies durch ein schwebendes Banner informiert, in dem er um seine Zustimmung zur Installation gebeten wird. Wenn Sie der Verwendung zustimmen, verschwindet das Banner. Sie k\u00f6nnen Ihre Einwilligung jedoch jederzeit widerrufen und weitere Informationen erhalten, indem Sie unsere Cookie-Richtlinie konsultieren.<\/p><p>Der Benutzer hat die M\u00f6glichkeit, seinen Browser so zu konfigurieren, dass er beim Empfang von Cookies benachrichtigt wird und deren Installation auf seinem Computer verhindert. Weitere Informationen finden Sie in der Anleitung Ihres Browsers.<\/p><h3><br \/>Linkrichtlinie<\/h3><p>Von der Website aus werden Sie m\u00f6glicherweise zu Inhalten auf Websites Dritter weitergeleitet. Da der VERANTWORTLICHE die von Dritten auf ihren jeweiligen Websites eingestellten Inhalte nicht immer kontrollieren kann, \u00fcbernimmt er keinerlei Verantwortung f\u00fcr diese Inhalte. In jedem Fall wird es die sofortige Entfernung aller Inhalte veranlassen, die gegen nationale oder internationale Gesetze, die guten Sitten oder die \u00f6ffentliche Ordnung versto\u00dfen k\u00f6nnten, sowie die sofortige Entfernung der Weiterleitung auf die besagte Website und die \u00dcbermittlung der Inhalte an die zust\u00e4ndigen Beh\u00f6rden. fraglich.<\/p><p>Der VERANTWORTLICHE ist nicht verantwortlich f\u00fcr die Informationen und Inhalte, die beispielsweise, aber nicht beschr\u00e4nkt auf, in Foren, Chats, Blog-Generatoren, Kommentaren, sozialen Netzwerken oder anderen Mitteln gespeichert werden, die es Dritten erm\u00f6glichen, Inhalte unabh\u00e4ngig auf der Website zu ver\u00f6ffentlichen der Verantwortliche. Allerdings wird es in \u00dcbereinstimmung mit den Bestimmungen der Artikel 11 und 16 des LSSICE allen Benutzern, Beh\u00f6rden und Sicherheitskr\u00e4ften zur Verf\u00fcgung gestellt, die aktiv an der Entfernung oder gegebenenfalls Sperrung aller Inhalte mitwirken, die Auswirkungen haben oder gegen die Inhalte versto\u00dfen k\u00f6nnten nationale oder internationale Gesetzgebung, die Rechte Dritter oder die guten Sitten und die \u00f6ffentliche Ordnung. Wenn der Benutzer der Meinung ist, dass es Inhalte auf der Website gibt, die f\u00fcr diese Klassifizierung anf\u00e4llig sein k\u00f6nnten, benachrichtigen Sie bitte umgehend den Website-Administrator.<\/p><p>Diese Website wurde \u00fcberpr\u00fcft und auf ihre ordnungsgem\u00e4\u00dfe Funktion getestet. Grunds\u00e4tzlich kann der ordnungsgem\u00e4\u00dfe Betrieb 365 Tage im Jahr und 24 Stunden am Tag gew\u00e4hrleistet werden. Der VERANTWORTLICHE schlie\u00dft jedoch nicht aus, dass bestimmte Programmierfehler vorliegen oder dass h\u00f6here Gewalt, Naturkatastrophen, Streiks oder \u00e4hnliche Umst\u00e4nde eintreten, die den Zugriff auf die Website unm\u00f6glich machen.<\/p><h3><br \/>IP-Adressen<\/h3><p>Die Website-Server erkennen m\u00f6glicherweise automatisch die vom Benutzer verwendete IP-Adresse und den Dom\u00e4nennamen. Eine IP-Adresse ist eine Nummer, die einem Computer automatisch zugewiesen wird, wenn er eine Verbindung zum Internet herstellt. Alle diese Informationen werden in einer ordnungsgem\u00e4\u00df registrierten Serveraktivit\u00e4tsdatei aufgezeichnet, die die anschlie\u00dfende Verarbeitung der Daten erm\u00f6glicht, um nur statistische Messungen zu erhalten, die es erm\u00f6glichen, die Anzahl der Seitenaufrufe, die Anzahl der Besuche auf den Webservern und die Reihenfolge der Besuche zu ermitteln , der Zugangspunkt usw.<\/p><p>\u00a0<\/p><h2>4. ANWENDBARES RECHT UND GERICHTSSTAND<\/h2><p>F\u00fcr die L\u00f6sung aller Streitigkeiten oder Probleme im Zusammenhang mit dieser Website oder den auf ihr durchgef\u00fchrten Aktivit\u00e4ten gilt die spanische Gesetzgebung, der sich die Parteien ausdr\u00fccklich unterwerfen, wobei f\u00fcr die L\u00f6sung aller Konflikte, die sich aus oder im Zusammenhang mit ihrer Nutzung ergeben, die Gerichte zust\u00e4ndig sind am n\u00e4chsten zu Valladolid (Spanien).<\/p>\t\t\t\t\t\t\t\t<\/div>\n\t\t\t\t<\/div>\n\t\t\t\t\t<\/div>\n\t\t\t\t<\/div>\n\t\t\t\t<\/div>","protected":false},"excerpt":{"rendered":"<p>Aviso Legal LEY DE LOS SERVICIOS DE LA SOCIEDAD DE LA INFORMACI\u00d3N (LSSI) TRANSFORMADOS MET\u00c1LICOS TORAL, S.L., responsable del sitio web, en adelante RESPONSABLE, pone a disposici\u00f3n de los usuarios el presente documento, con el que pretende dar cumplimiento a las obligaciones dispuestas en la Ley 34\/2002, de 11 de julio, de Servicios de la [&hellip;]<\/p>\n","protected":false},"author":4,"featured_media":0,"parent":0,"menu_order":0,"comment_status":"closed","ping_status":"closed","template":"elementor_header_footer","meta":{"_monsterinsights_skip_tracking":false,"_monsterinsights_sitenote_active":false,"_monsterinsights_sitenote_note":"","_monsterinsights_sitenote_category":0,"footnotes":""},"class_list":["post-1241","page","type-page","status-publish","hentry"],"yoast_head":"<!-- This site is optimized with the Yoast SEO plugin v27.5 - https:\/\/yoast.com\/product\/yoast-seo-wordpress\/ -->\n<title>Aviso legal - Transformados Met\u00e1licos Toral<\/title>\n<meta name=\"robots\" content=\"noindex, follow\" \/>\n<meta property=\"og:locale\" content=\"de_DE\" \/>\n<meta property=\"og:type\" content=\"article\" \/>\n<meta property=\"og:title\" content=\"Aviso legal - Transformados Met\u00e1licos Toral\" \/>\n<meta property=\"og:description\" content=\"Aviso Legal LEY DE LOS SERVICIOS DE LA SOCIEDAD DE LA INFORMACI\u00d3N (LSSI) TRANSFORMADOS MET\u00c1LICOS TORAL, S.L., responsable del sitio web, en adelante RESPONSABLE, pone a disposici\u00f3n de los usuarios el presente documento, con el que pretende dar cumplimiento a las obligaciones dispuestas en la Ley 34\/2002, de 11 de julio, de Servicios de la [&hellip;]\" \/>\n<meta property=\"og:url\" content=\"https:\/\/transformadosmetalicostoral.com\/de\/rechtliche-warnung\/\" \/>\n<meta property=\"og:site_name\" content=\"Transformados Met\u00e1licos Toral\" \/>\n<meta property=\"article:publisher\" content=\"https:\/\/www.facebook.com\/p\/Transformados-Metalicos-Toral-100046589936217\/\" \/>\n<meta property=\"article:modified_time\" content=\"2023-09-13T10:21:46+00:00\" \/>\n<meta property=\"og:image\" content=\"https:\/\/transformadosmetalicostoral.com\/wp-content\/uploads\/2023\/07\/Transformados-metalicos-Toral-Valladolid_1.webp\" \/>\n\t<meta property=\"og:image:width\" content=\"2560\" \/>\n\t<meta property=\"og:image:height\" content=\"1707\" \/>\n\t<meta property=\"og:image:type\" content=\"image\/webp\" \/>\n<meta name=\"twitter:card\" content=\"summary_large_image\" \/>\n<meta name=\"twitter:label1\" content=\"Gesch\u00e4tzte Lesezeit\" \/>\n\t<meta name=\"twitter:data1\" content=\"7\u00a0Minuten\" \/>\n<script type=\"application\/ld+json\" class=\"yoast-schema-graph\">{\"@context\":\"https:\\\/\\\/schema.org\",\"@graph\":[{\"@type\":\"WebPage\",\"@id\":\"https:\\\/\\\/transformadosmetalicostoral.com\\\/aviso-legal\\\/\",\"url\":\"https:\\\/\\\/transformadosmetalicostoral.com\\\/aviso-legal\\\/\",\"name\":\"Aviso legal - Transformados Met\u00e1licos Toral\",\"isPartOf\":{\"@id\":\"https:\\\/\\\/transformadosmetalicostoral.com\\\/#website\"},\"datePublished\":\"2023-07-27T12:08:38+00:00\",\"dateModified\":\"2023-09-13T10:21:46+00:00\",\"breadcrumb\":{\"@id\":\"https:\\\/\\\/transformadosmetalicostoral.com\\\/aviso-legal\\\/#breadcrumb\"},\"inLanguage\":\"de\",\"potentialAction\":[{\"@type\":\"ReadAction\",\"target\":[\"https:\\\/\\\/transformadosmetalicostoral.com\\\/aviso-legal\\\/\"]}]},{\"@type\":\"BreadcrumbList\",\"@id\":\"https:\\\/\\\/transformadosmetalicostoral.com\\\/aviso-legal\\\/#breadcrumb\",\"itemListElement\":[{\"@type\":\"ListItem\",\"position\":1,\"name\":\"Portada\",\"item\":\"https:\\\/\\\/transformadosmetalicostoral.com\\\/\"},{\"@type\":\"ListItem\",\"position\":2,\"name\":\"Aviso legal\"}]},{\"@type\":\"WebSite\",\"@id\":\"https:\\\/\\\/transformadosmetalicostoral.com\\\/#website\",\"url\":\"https:\\\/\\\/transformadosmetalicostoral.com\\\/\",\"name\":\"Transformados met\u00e1licos Toral\",\"description\":\"Trabajos de estampaci\u00f3n y\u00a0embutici\u00f3n de piezas met\u00e1licas, soldadura de acero, aluminio y acero inoxidable, y en el dise\u00f1o, construcci\u00f3n\u00a0y montaje de instalaciones mec\u00e1nicas llave en mano\",\"publisher\":{\"@id\":\"https:\\\/\\\/transformadosmetalicostoral.com\\\/#organization\"},\"alternateName\":\"Transformados met\u00e1licos Toral\",\"potentialAction\":[{\"@type\":\"SearchAction\",\"target\":{\"@type\":\"EntryPoint\",\"urlTemplate\":\"https:\\\/\\\/transformadosmetalicostoral.com\\\/?s={search_term_string}\"},\"query-input\":{\"@type\":\"PropertyValueSpecification\",\"valueRequired\":true,\"valueName\":\"search_term_string\"}}],\"inLanguage\":\"de\"},{\"@type\":\"Organization\",\"@id\":\"https:\\\/\\\/transformadosmetalicostoral.com\\\/#organization\",\"name\":\"Transformados met\u00e1licos Toral\",\"alternateName\":\"Transformados met\u00e1licos Toral\",\"url\":\"https:\\\/\\\/transformadosmetalicostoral.com\\\/\",\"logo\":{\"@type\":\"ImageObject\",\"inLanguage\":\"de\",\"@id\":\"https:\\\/\\\/transformadosmetalicostoral.com\\\/#\\\/schema\\\/logo\\\/image\\\/\",\"url\":\"https:\\\/\\\/transformadosmetalicostoral.com\\\/wp-content\\\/uploads\\\/2023\\\/06\\\/favicon.png\",\"contentUrl\":\"https:\\\/\\\/transformadosmetalicostoral.com\\\/wp-content\\\/uploads\\\/2023\\\/06\\\/favicon.png\",\"width\":512,\"height\":512,\"caption\":\"Transformados met\u00e1licos Toral\"},\"image\":{\"@id\":\"https:\\\/\\\/transformadosmetalicostoral.com\\\/#\\\/schema\\\/logo\\\/image\\\/\"},\"sameAs\":[\"https:\\\/\\\/www.facebook.com\\\/p\\\/Transformados-Metalicos-Toral-100046589936217\\\/\",\"https:\\\/\\\/es.linkedin.com\\\/company\\\/transformados-metalicos-toral-sl\"]}]}<\/script>\n<!-- \/ Yoast SEO plugin. -->","yoast_head_json":{"title":"Rechtlicher Hinweis \u2013 Metal Transformed Toral","robots":{"index":"noindex","follow":"follow"},"og_locale":"de_DE","og_type":"article","og_title":"Aviso legal - Transformados Met\u00e1licos Toral","og_description":"Aviso Legal LEY DE LOS SERVICIOS DE LA SOCIEDAD DE LA INFORMACI\u00d3N (LSSI) TRANSFORMADOS MET\u00c1LICOS TORAL, S.L., responsable del sitio web, en adelante RESPONSABLE, pone a disposici\u00f3n de los usuarios el presente documento, con el que pretende dar cumplimiento a las obligaciones dispuestas en la Ley 34\/2002, de 11 de julio, de Servicios de la [&hellip;]","og_url":"https:\/\/transformadosmetalicostoral.com\/de\/rechtliche-warnung\/","og_site_name":"Transformados Met\u00e1licos Toral","article_publisher":"https:\/\/www.facebook.com\/p\/Transformados-Metalicos-Toral-100046589936217\/","article_modified_time":"2023-09-13T10:21:46+00:00","og_image":[{"width":2560,"height":1707,"url":"https:\/\/transformadosmetalicostoral.com\/wp-content\/uploads\/2023\/07\/Transformados-metalicos-Toral-Valladolid_1.webp","type":"image\/webp"}],"twitter_card":"summary_large_image","twitter_misc":{"Gesch\u00e4tzte Lesezeit":"7\u00a0Minuten"},"schema":{"@context":"https:\/\/schema.org","@graph":[{"@type":"WebPage","@id":"https:\/\/transformadosmetalicostoral.com\/aviso-legal\/","url":"https:\/\/transformadosmetalicostoral.com\/aviso-legal\/","name":"Rechtlicher Hinweis \u2013 Metal Transformed Toral","isPartOf":{"@id":"https:\/\/transformadosmetalicostoral.com\/#website"},"datePublished":"2023-07-27T12:08:38+00:00","dateModified":"2023-09-13T10:21:46+00:00","breadcrumb":{"@id":"https:\/\/transformadosmetalicostoral.com\/aviso-legal\/#breadcrumb"},"inLanguage":"de","potentialAction":[{"@type":"ReadAction","target":["https:\/\/transformadosmetalicostoral.com\/aviso-legal\/"]}]},{"@type":"BreadcrumbList","@id":"https:\/\/transformadosmetalicostoral.com\/aviso-legal\/#breadcrumb","itemListElement":[{"@type":"ListItem","position":1,"name":"Portada","item":"https:\/\/transformadosmetalicostoral.com\/"},{"@type":"ListItem","position":2,"name":"Aviso legal"}]},{"@type":"WebSite","@id":"https:\/\/transformadosmetalicostoral.com\/#website","url":"https:\/\/transformadosmetalicostoral.com\/","name":"Toral Metalltransformatoren","description":"Stanz- und Zieharbeiten an Metallteilen, Schwei\u00dfen von Stahl, Aluminium und Edelstahl sowie Entwurf, Konstruktion und Montage schl\u00fcsselfertiger mechanischer Anlagen","publisher":{"@id":"https:\/\/transformadosmetalicostoral.com\/#organization"},"alternateName":"Transformados met\u00e1licos Toral","potentialAction":[{"@type":"SearchAction","target":{"@type":"EntryPoint","urlTemplate":"https:\/\/transformadosmetalicostoral.com\/?s={search_term_string}"},"query-input":{"@type":"PropertyValueSpecification","valueRequired":true,"valueName":"search_term_string"}}],"inLanguage":"de"},{"@type":"Organization","@id":"https:\/\/transformadosmetalicostoral.com\/#organization","name":"Toral Metalltransformatoren","alternateName":"Transformados met\u00e1licos Toral","url":"https:\/\/transformadosmetalicostoral.com\/","logo":{"@type":"ImageObject","inLanguage":"de","@id":"https:\/\/transformadosmetalicostoral.com\/#\/schema\/logo\/image\/","url":"https:\/\/transformadosmetalicostoral.com\/wp-content\/uploads\/2023\/06\/favicon.png","contentUrl":"https:\/\/transformadosmetalicostoral.com\/wp-content\/uploads\/2023\/06\/favicon.png","width":512,"height":512,"caption":"Transformados met\u00e1licos Toral"},"image":{"@id":"https:\/\/transformadosmetalicostoral.com\/#\/schema\/logo\/image\/"},"sameAs":["https:\/\/www.facebook.com\/p\/Transformados-Metalicos-Toral-100046589936217\/","https:\/\/es.linkedin.com\/company\/transformados-metalicos-toral-sl"]}]}},"_links":{"self":[{"href":"https:\/\/transformadosmetalicostoral.com\/de\/wp-json\/wp\/v2\/pages\/1241","targetHints":{"allow":["GET"]}}],"collection":[{"href":"https:\/\/transformadosmetalicostoral.com\/de\/wp-json\/wp\/v2\/pages"}],"about":[{"href":"https:\/\/transformadosmetalicostoral.com\/de\/wp-json\/wp\/v2\/types\/page"}],"author":[{"embeddable":true,"href":"https:\/\/transformadosmetalicostoral.com\/de\/wp-json\/wp\/v2\/users\/4"}],"replies":[{"embeddable":true,"href":"https:\/\/transformadosmetalicostoral.com\/de\/wp-json\/wp\/v2\/comments?post=1241"}],"version-history":[{"count":3,"href":"https:\/\/transformadosmetalicostoral.com\/de\/wp-json\/wp\/v2\/pages\/1241\/revisions"}],"predecessor-version":[{"id":1953,"href":"https:\/\/transformadosmetalicostoral.com\/de\/wp-json\/wp\/v2\/pages\/1241\/revisions\/1953"}],"wp:attachment":[{"href":"https:\/\/transformadosmetalicostoral.com\/de\/wp-json\/wp\/v2\/media?parent=1241"}],"curies":[{"name":"wp","href":"https:\/\/api.w.org\/{rel}","templated":true}]}}