{"id":1243,"date":"2023-07-27T14:08:50","date_gmt":"2023-07-27T12:08:50","guid":{"rendered":"https:\/\/transformadosmetalicostoral.com\/?page_id=1243"},"modified":"2023-09-13T12:27:19","modified_gmt":"2023-09-13T10:27:19","slug":"datenschutzrichtlinie","status":"publish","type":"page","link":"https:\/\/transformadosmetalicostoral.com\/de\/politica-de-privacidad\/","title":{"rendered":"Datenschutzrichtlinie"},"content":{"rendered":"<div data-elementor-type=\"wp-page\" data-elementor-id=\"1243\" class=\"elementor elementor-1243\" data-elementor-post-type=\"page\">\n\t\t\t\t<div class=\"elementor-element elementor-element-587ef80 e-flex e-con-boxed e-con e-parent\" data-id=\"587ef80\" data-element_type=\"container\" data-e-type=\"container\" data-settings=\"{&quot;background_background&quot;:&quot;classic&quot;,&quot;jet_parallax_layout_list&quot;:[]}\">\n\t\t\t\t\t<div class=\"e-con-inner\">\n\t\t\t\t<div class=\"elementor-element elementor-element-03a7122 elementor-widget elementor-widget-heading\" data-id=\"03a7122\" data-element_type=\"widget\" data-e-type=\"widget\" data-widget_type=\"heading.default\">\n\t\t\t\t<div class=\"elementor-widget-container\">\n\t\t\t\t\t<h1 class=\"elementor-heading-title elementor-size-default\">Datenschutzrichtlinie<\/h1>\t\t\t\t<\/div>\n\t\t\t\t<\/div>\n\t\t\t\t<div class=\"elementor-element elementor-element-b055054 elementor-widget-divider--view-line elementor-widget elementor-widget-divider\" data-id=\"b055054\" data-element_type=\"widget\" data-e-type=\"widget\" data-widget_type=\"divider.default\">\n\t\t\t\t<div class=\"elementor-widget-container\">\n\t\t\t\t\t\t\t<div class=\"elementor-divider\">\n\t\t\t<span class=\"elementor-divider-separator\">\n\t\t\t\t\t\t<\/span>\n\t\t<\/div>\n\t\t\t\t\t\t<\/div>\n\t\t\t\t<\/div>\n\t\t\t\t<div class=\"elementor-element elementor-element-14b4ffb elementor-widget elementor-widget-text-editor\" data-id=\"14b4ffb\" data-element_type=\"widget\" data-e-type=\"widget\" data-widget_type=\"text-editor.default\">\n\t\t\t\t<div class=\"elementor-widget-container\">\n\t\t\t\t\t\t\t\t\t<h2>1. INFORMATIONEN F\u00dcR DEN BENUTZER<strong><br \/><\/strong><\/h2><p><strong>TRANSFORMADOS MET\u00c1LICOS TORAL, SL<\/strong>, im Folgenden VERANTWORTLICH genannt, ist f\u00fcr die Verarbeitung der personenbezogenen Daten des Nutzers verantwortlich und informiert Sie dar\u00fcber, dass diese Daten gem\u00e4\u00df den Bestimmungen der Verordnung (EU) 2016\/679 vom 27. April (DSGVO) und des Organgesetzes 3\/2018 vom Dezember verarbeitet werden 5 (LOPDGDD), daher werden die folgenden Behandlungsinformationen bereitgestellt:<\/p><p><strong>Ende der Behandlung<\/strong>: Aufrechterhaltung einer Gesch\u00e4ftsbeziehung mit dem Benutzer. Zur Durchf\u00fchrung der Behandlung sind folgende Operationen geplant:<\/p><ul><li>Versenden kommerzieller Werbemitteilungen per E-Mail, Fax, SMS, MMS, Social Communities oder anderen gegenw\u00e4rtigen oder zuk\u00fcnftigen elektronischen oder physischen Mitteln, die die Durchf\u00fchrung kommerzieller Mitteilungen erm\u00f6glichen. Diese Mitteilungen erfolgen durch den VERANTWORTLICHEN und beziehen sich auf seine Produkte und Dienstleistungen oder seine Mitarbeiter oder Lieferanten, mit denen er eine Werbevereinbarung getroffen hat. In diesem Fall haben Dritte niemals Zugriff auf personenbezogene Daten.<\/li><li>F\u00fchren Sie statistische Studien durch.<\/li><li>Bearbeitung von Bestellungen, Anfragen oder Anfragen jeglicher Art, die der Benutzer \u00fcber eines der zur Verf\u00fcgung gestellten Kontaktformulare stellt.<\/li><li>Leiten Sie den Newsletter auf der Website weiter.<\/li><\/ul><p><strong><br \/>Rechtsgrundlage der Behandlung<\/strong>: Zustimmung des Interessenten.<\/p><p><strong>Kriterien f\u00fcr die Datenaufbewahrung<\/strong>: Sie werden nur so lange aufbewahrt, wie es zur Aufrechterhaltung des Zwecks der Verarbeitung erforderlich ist. Wenn sie f\u00fcr diesen Zweck nicht mehr erforderlich sind, werden sie mit geeigneten Sicherheitsma\u00dfnahmen gel\u00f6scht, um die Pseudonymisierung der Daten oder ihre vollst\u00e4ndige Zerst\u00f6rung zu gew\u00e4hrleisten.<\/p><p><strong>Datenkommunikation<\/strong>: Die Daten werden nicht an Dritte weitergegeben, es sei denn, es besteht eine gesetzliche Verpflichtung.<\/p><h3>Rechte, die den Benutzer unterst\u00fctzen:<\/h3><ul><li>Recht, die Einwilligung jederzeit zu widerrufen.<\/li><li>Recht auf Zugang, Berichtigung, \u00dcbertragbarkeit und L\u00f6schung Ihrer Daten sowie auf Einschr\u00e4nkung oder Widerspruch gegen deren Verarbeitung.<\/li><li>Das Recht, eine Beschwerde bei der Aufsichtsbeh\u00f6rde (www.aepd.es) einzureichen, wenn Sie der Meinung sind, dass die Behandlung nicht den geltenden Vorschriften entspricht.<\/li><\/ul><h3>Kontaktinformationen zur Aus\u00fcbung Ihrer Rechte:<\/h3><p>TRANSFORMADOS MET\u00c1LICOS TORAL, SL C\/ PLATA, 58 \u2013 47012 Valladolid (Spanien).<\/p><p>Email: <a href=\"mailto:tmt@transformadosmetalicostoral.com\">tmt@transformadosmetalicostoral.com<\/a><\/p><p>\u00a0<\/p><h2>2. OBLIGATORISCHER ODER FAKULTATIVER NATUR DER VOM BENUTZER BEREITGESTELLTEN INFORMATIONEN<strong>\u00a0<\/strong><\/h2><p>Durch das Ankreuzen der entsprechenden K\u00e4stchen und die Eingabe von Daten in die mit einem Sternchen (*) gekennzeichneten Felder im Kontaktformular bzw. in den Download-Formularen erkl\u00e4ren sich Nutzer ausdr\u00fccklich, frei und unmissverst\u00e4ndlich damit einverstanden, dass ihre Daten f\u00fcr die Beantwortung Ihrer Anfrage durch den Anbieter erforderlich sind , wobei die Angabe der Daten in den \u00fcbrigen Feldern freiwillig ist. Der Nutzer garantiert, dass die dem VERANTWORTLICHEN zur Verf\u00fcgung gestellten personenbezogenen Daten der Wahrheit entsprechen und ist f\u00fcr die Mitteilung etwaiger \u00c4nderungen derselben verantwortlich.<\/p><p>Der VERANTWORTLICHE informiert und garantiert den Nutzern ausdr\u00fccklich, dass ihre personenbezogenen Daten in keinem Fall an Dritte weitergegeben werden und dass der Nutzer bei jeder \u00dcbermittlung personenbezogener Daten zuvor um seine ausdr\u00fcckliche, informierte und eindeutige Zustimmung gebeten wird. Alle \u00fcber die Website angeforderten, mit einem Sternchen (*) gekennzeichneten Daten sind obligatorisch, da sie f\u00fcr die Bereitstellung eines optimalen Service f\u00fcr den Benutzer erforderlich sind. Bei Nichtbereitstellung aller Daten kann nicht gew\u00e4hrleistet werden, dass die bereitgestellten Informationen und Dienste vollst\u00e4ndig auf Ihre Bed\u00fcrfnisse zugeschnitten sind.<\/p><p>\u00a0<\/p><h2>3. SICHERHEITSMASSNAHMEN<\/h2><p>Gem\u00e4\u00df den Bestimmungen der geltenden Vorschriften zum Schutz personenbezogener Daten h\u00e4lt der VERANTWORTLICHE alle Bestimmungen der DSGVO-Bestimmungen f\u00fcr die Verarbeitung personenbezogener Daten unter seiner Verantwortung und offensichtlich die in Artikel 5 der DSGVO beschriebenen Grunds\u00e4tze ein. , f\u00fcr die sie in Bezug auf die betroffene Partei rechtm\u00e4\u00dfig, fair und transparent behandelt werden und angemessen, relevant und auf das beschr\u00e4nkt sind, was im Hinblick auf die Zwecke, f\u00fcr die sie verarbeitet werden, erforderlich ist.<\/p><p>Der VERANTWORTLICHE garantiert, dass er geeignete technische und organisatorische Richtlinien implementiert hat, um die in der DSGVO festgelegten Sicherheitsma\u00dfnahmen anzuwenden, um die Rechte und Freiheiten der Benutzer zu sch\u00fctzen, und dass er ihnen die entsprechenden Informationen mitgeteilt hat, damit sie diese aus\u00fcben k\u00f6nnen.<\/p>\t\t\t\t\t\t\t\t<\/div>\n\t\t\t\t<\/div>\n\t\t\t\t\t<\/div>\n\t\t\t\t<\/div>\n\t\t\t\t<\/div>","protected":false},"excerpt":{"rendered":"<p>Pol\u00edtica de privacidad 1. INFORMACI\u00d3N AL USUARIO TRANSFORMADOS MET\u00c1LICOS TORAL, S.L., en adelante RESPONSABLE, es el responsable del tratamiento de los datos personales del usuario y le informa que estos datos ser\u00e1n tratados de conformidad con lo dispuesto en el Reglamento (UE) 2016\/679 de 27 de abril (GDPR) y la Ley Org\u00e1nica 3\/2018 de 5 [&hellip;]<\/p>\n","protected":false},"author":4,"featured_media":0,"parent":0,"menu_order":0,"comment_status":"closed","ping_status":"closed","template":"elementor_header_footer","meta":{"_monsterinsights_skip_tracking":false,"_monsterinsights_sitenote_active":false,"_monsterinsights_sitenote_note":"","_monsterinsights_sitenote_category":0,"footnotes":""},"class_list":["post-1243","page","type-page","status-publish","hentry"],"yoast_head":"<!-- This site is optimized with the Yoast SEO plugin v27.5 - https:\/\/yoast.com\/product\/yoast-seo-wordpress\/ -->\n<title>Pol\u00edtica de privacidad - Transformados Met\u00e1licos Toral<\/title>\n<meta name=\"robots\" content=\"noindex, follow\" \/>\n<meta property=\"og:locale\" content=\"de_DE\" \/>\n<meta property=\"og:type\" content=\"article\" \/>\n<meta property=\"og:title\" content=\"Pol\u00edtica de privacidad - Transformados Met\u00e1licos Toral\" \/>\n<meta property=\"og:description\" content=\"Pol\u00edtica de privacidad 1. INFORMACI\u00d3N AL USUARIO TRANSFORMADOS MET\u00c1LICOS TORAL, S.L., en adelante RESPONSABLE, es el responsable del tratamiento de los datos personales del usuario y le informa que estos datos ser\u00e1n tratados de conformidad con lo dispuesto en el Reglamento (UE) 2016\/679 de 27 de abril (GDPR) y la Ley Org\u00e1nica 3\/2018 de 5 [&hellip;]\" \/>\n<meta property=\"og:url\" content=\"https:\/\/transformadosmetalicostoral.com\/de\/datenschutzrichtlinie\/\" \/>\n<meta property=\"og:site_name\" content=\"Transformados Met\u00e1licos Toral\" \/>\n<meta property=\"article:publisher\" content=\"https:\/\/www.facebook.com\/p\/Transformados-Metalicos-Toral-100046589936217\/\" \/>\n<meta property=\"article:modified_time\" content=\"2023-09-13T10:27:19+00:00\" \/>\n<meta property=\"og:image\" content=\"https:\/\/transformadosmetalicostoral.com\/wp-content\/uploads\/2023\/07\/Transformados-metalicos-Toral-Valladolid_1.webp\" \/>\n\t<meta property=\"og:image:width\" content=\"2560\" \/>\n\t<meta property=\"og:image:height\" content=\"1707\" \/>\n\t<meta property=\"og:image:type\" content=\"image\/webp\" \/>\n<meta name=\"twitter:card\" content=\"summary_large_image\" \/>\n<meta name=\"twitter:label1\" content=\"Gesch\u00e4tzte Lesezeit\" \/>\n\t<meta name=\"twitter:data1\" content=\"4\u00a0Minuten\" \/>\n<script type=\"application\/ld+json\" class=\"yoast-schema-graph\">{\"@context\":\"https:\\\/\\\/schema.org\",\"@graph\":[{\"@type\":\"WebPage\",\"@id\":\"https:\\\/\\\/transformadosmetalicostoral.com\\\/politica-de-privacidad\\\/\",\"url\":\"https:\\\/\\\/transformadosmetalicostoral.com\\\/politica-de-privacidad\\\/\",\"name\":\"Pol\u00edtica de privacidad - Transformados Met\u00e1licos Toral\",\"isPartOf\":{\"@id\":\"https:\\\/\\\/transformadosmetalicostoral.com\\\/#website\"},\"datePublished\":\"2023-07-27T12:08:50+00:00\",\"dateModified\":\"2023-09-13T10:27:19+00:00\",\"breadcrumb\":{\"@id\":\"https:\\\/\\\/transformadosmetalicostoral.com\\\/politica-de-privacidad\\\/#breadcrumb\"},\"inLanguage\":\"de\",\"potentialAction\":[{\"@type\":\"ReadAction\",\"target\":[\"https:\\\/\\\/transformadosmetalicostoral.com\\\/politica-de-privacidad\\\/\"]}]},{\"@type\":\"BreadcrumbList\",\"@id\":\"https:\\\/\\\/transformadosmetalicostoral.com\\\/politica-de-privacidad\\\/#breadcrumb\",\"itemListElement\":[{\"@type\":\"ListItem\",\"position\":1,\"name\":\"Portada\",\"item\":\"https:\\\/\\\/transformadosmetalicostoral.com\\\/\"},{\"@type\":\"ListItem\",\"position\":2,\"name\":\"Pol\u00edtica de privacidad\"}]},{\"@type\":\"WebSite\",\"@id\":\"https:\\\/\\\/transformadosmetalicostoral.com\\\/#website\",\"url\":\"https:\\\/\\\/transformadosmetalicostoral.com\\\/\",\"name\":\"Transformados met\u00e1licos Toral\",\"description\":\"Trabajos de estampaci\u00f3n y\u00a0embutici\u00f3n de piezas met\u00e1licas, soldadura de acero, aluminio y acero inoxidable, y en el dise\u00f1o, construcci\u00f3n\u00a0y montaje de instalaciones mec\u00e1nicas llave en mano\",\"publisher\":{\"@id\":\"https:\\\/\\\/transformadosmetalicostoral.com\\\/#organization\"},\"alternateName\":\"Transformados met\u00e1licos Toral\",\"potentialAction\":[{\"@type\":\"SearchAction\",\"target\":{\"@type\":\"EntryPoint\",\"urlTemplate\":\"https:\\\/\\\/transformadosmetalicostoral.com\\\/?s={search_term_string}\"},\"query-input\":{\"@type\":\"PropertyValueSpecification\",\"valueRequired\":true,\"valueName\":\"search_term_string\"}}],\"inLanguage\":\"de\"},{\"@type\":\"Organization\",\"@id\":\"https:\\\/\\\/transformadosmetalicostoral.com\\\/#organization\",\"name\":\"Transformados met\u00e1licos Toral\",\"alternateName\":\"Transformados met\u00e1licos Toral\",\"url\":\"https:\\\/\\\/transformadosmetalicostoral.com\\\/\",\"logo\":{\"@type\":\"ImageObject\",\"inLanguage\":\"de\",\"@id\":\"https:\\\/\\\/transformadosmetalicostoral.com\\\/#\\\/schema\\\/logo\\\/image\\\/\",\"url\":\"https:\\\/\\\/transformadosmetalicostoral.com\\\/wp-content\\\/uploads\\\/2023\\\/06\\\/favicon.png\",\"contentUrl\":\"https:\\\/\\\/transformadosmetalicostoral.com\\\/wp-content\\\/uploads\\\/2023\\\/06\\\/favicon.png\",\"width\":512,\"height\":512,\"caption\":\"Transformados met\u00e1licos Toral\"},\"image\":{\"@id\":\"https:\\\/\\\/transformadosmetalicostoral.com\\\/#\\\/schema\\\/logo\\\/image\\\/\"},\"sameAs\":[\"https:\\\/\\\/www.facebook.com\\\/p\\\/Transformados-Metalicos-Toral-100046589936217\\\/\",\"https:\\\/\\\/es.linkedin.com\\\/company\\\/transformados-metalicos-toral-sl\"]}]}<\/script>\n<!-- \/ Yoast SEO plugin. -->","yoast_head_json":{"title":"Datenschutzrichtlinie - Transformados Met\u00e1licos Toral","robots":{"index":"noindex","follow":"follow"},"og_locale":"de_DE","og_type":"article","og_title":"Pol\u00edtica de privacidad - Transformados Met\u00e1licos Toral","og_description":"Pol\u00edtica de privacidad 1. INFORMACI\u00d3N AL USUARIO TRANSFORMADOS MET\u00c1LICOS TORAL, S.L., en adelante RESPONSABLE, es el responsable del tratamiento de los datos personales del usuario y le informa que estos datos ser\u00e1n tratados de conformidad con lo dispuesto en el Reglamento (UE) 2016\/679 de 27 de abril (GDPR) y la Ley Org\u00e1nica 3\/2018 de 5 [&hellip;]","og_url":"https:\/\/transformadosmetalicostoral.com\/de\/datenschutzrichtlinie\/","og_site_name":"Transformados Met\u00e1licos Toral","article_publisher":"https:\/\/www.facebook.com\/p\/Transformados-Metalicos-Toral-100046589936217\/","article_modified_time":"2023-09-13T10:27:19+00:00","og_image":[{"width":2560,"height":1707,"url":"https:\/\/transformadosmetalicostoral.com\/wp-content\/uploads\/2023\/07\/Transformados-metalicos-Toral-Valladolid_1.webp","type":"image\/webp"}],"twitter_card":"summary_large_image","twitter_misc":{"Gesch\u00e4tzte Lesezeit":"4\u00a0Minuten"},"schema":{"@context":"https:\/\/schema.org","@graph":[{"@type":"WebPage","@id":"https:\/\/transformadosmetalicostoral.com\/politica-de-privacidad\/","url":"https:\/\/transformadosmetalicostoral.com\/politica-de-privacidad\/","name":"Datenschutzrichtlinie - Transformados Met\u00e1licos Toral","isPartOf":{"@id":"https:\/\/transformadosmetalicostoral.com\/#website"},"datePublished":"2023-07-27T12:08:50+00:00","dateModified":"2023-09-13T10:27:19+00:00","breadcrumb":{"@id":"https:\/\/transformadosmetalicostoral.com\/politica-de-privacidad\/#breadcrumb"},"inLanguage":"de","potentialAction":[{"@type":"ReadAction","target":["https:\/\/transformadosmetalicostoral.com\/politica-de-privacidad\/"]}]},{"@type":"BreadcrumbList","@id":"https:\/\/transformadosmetalicostoral.com\/politica-de-privacidad\/#breadcrumb","itemListElement":[{"@type":"ListItem","position":1,"name":"Portada","item":"https:\/\/transformadosmetalicostoral.com\/"},{"@type":"ListItem","position":2,"name":"Pol\u00edtica de privacidad"}]},{"@type":"WebSite","@id":"https:\/\/transformadosmetalicostoral.com\/#website","url":"https:\/\/transformadosmetalicostoral.com\/","name":"Toral Metalltransformatoren","description":"Stanz- und Zieharbeiten an Metallteilen, Schwei\u00dfen von Stahl, Aluminium und Edelstahl sowie Entwurf, Konstruktion und Montage schl\u00fcsselfertiger mechanischer Anlagen","publisher":{"@id":"https:\/\/transformadosmetalicostoral.com\/#organization"},"alternateName":"Transformados met\u00e1licos Toral","potentialAction":[{"@type":"SearchAction","target":{"@type":"EntryPoint","urlTemplate":"https:\/\/transformadosmetalicostoral.com\/?s={search_term_string}"},"query-input":{"@type":"PropertyValueSpecification","valueRequired":true,"valueName":"search_term_string"}}],"inLanguage":"de"},{"@type":"Organization","@id":"https:\/\/transformadosmetalicostoral.com\/#organization","name":"Toral Metalltransformatoren","alternateName":"Transformados met\u00e1licos Toral","url":"https:\/\/transformadosmetalicostoral.com\/","logo":{"@type":"ImageObject","inLanguage":"de","@id":"https:\/\/transformadosmetalicostoral.com\/#\/schema\/logo\/image\/","url":"https:\/\/transformadosmetalicostoral.com\/wp-content\/uploads\/2023\/06\/favicon.png","contentUrl":"https:\/\/transformadosmetalicostoral.com\/wp-content\/uploads\/2023\/06\/favicon.png","width":512,"height":512,"caption":"Transformados met\u00e1licos Toral"},"image":{"@id":"https:\/\/transformadosmetalicostoral.com\/#\/schema\/logo\/image\/"},"sameAs":["https:\/\/www.facebook.com\/p\/Transformados-Metalicos-Toral-100046589936217\/","https:\/\/es.linkedin.com\/company\/transformados-metalicos-toral-sl"]}]}},"_links":{"self":[{"href":"https:\/\/transformadosmetalicostoral.com\/de\/wp-json\/wp\/v2\/pages\/1243","targetHints":{"allow":["GET"]}}],"collection":[{"href":"https:\/\/transformadosmetalicostoral.com\/de\/wp-json\/wp\/v2\/pages"}],"about":[{"href":"https:\/\/transformadosmetalicostoral.com\/de\/wp-json\/wp\/v2\/types\/page"}],"author":[{"embeddable":true,"href":"https:\/\/transformadosmetalicostoral.com\/de\/wp-json\/wp\/v2\/users\/4"}],"replies":[{"embeddable":true,"href":"https:\/\/transformadosmetalicostoral.com\/de\/wp-json\/wp\/v2\/comments?post=1243"}],"version-history":[{"count":3,"href":"https:\/\/transformadosmetalicostoral.com\/de\/wp-json\/wp\/v2\/pages\/1243\/revisions"}],"predecessor-version":[{"id":1956,"href":"https:\/\/transformadosmetalicostoral.com\/de\/wp-json\/wp\/v2\/pages\/1243\/revisions\/1956"}],"wp:attachment":[{"href":"https:\/\/transformadosmetalicostoral.com\/de\/wp-json\/wp\/v2\/media?parent=1243"}],"curies":[{"name":"wp","href":"https:\/\/api.w.org\/{rel}","templated":true}]}}