{"id":1243,"date":"2023-07-27T14:08:50","date_gmt":"2023-07-27T12:08:50","guid":{"rendered":"https:\/\/transformadosmetalicostoral.com\/?page_id=1243"},"modified":"2023-09-13T12:27:19","modified_gmt":"2023-09-13T10:27:19","slug":"privacy-policy","status":"publish","type":"page","link":"https:\/\/transformadosmetalicostoral.com\/en\/politica-de-privacidad\/","title":{"rendered":"Privacy Policy"},"content":{"rendered":"<div data-elementor-type=\"wp-page\" data-elementor-id=\"1243\" class=\"elementor elementor-1243\" data-elementor-post-type=\"page\">\n\t\t\t\t<div class=\"elementor-element elementor-element-587ef80 e-flex e-con-boxed e-con e-parent\" data-id=\"587ef80\" data-element_type=\"container\" data-e-type=\"container\" data-settings=\"{&quot;background_background&quot;:&quot;classic&quot;,&quot;jet_parallax_layout_list&quot;:[]}\">\n\t\t\t\t\t<div class=\"e-con-inner\">\n\t\t\t\t<div class=\"elementor-element elementor-element-03a7122 elementor-widget elementor-widget-heading\" data-id=\"03a7122\" data-element_type=\"widget\" data-e-type=\"widget\" data-widget_type=\"heading.default\">\n\t\t\t\t<div class=\"elementor-widget-container\">\n\t\t\t\t\t<h1 class=\"elementor-heading-title elementor-size-default\">Privacy Policy<\/h1>\t\t\t\t<\/div>\n\t\t\t\t<\/div>\n\t\t\t\t<div class=\"elementor-element elementor-element-b055054 elementor-widget-divider--view-line elementor-widget elementor-widget-divider\" data-id=\"b055054\" data-element_type=\"widget\" data-e-type=\"widget\" data-widget_type=\"divider.default\">\n\t\t\t\t<div class=\"elementor-widget-container\">\n\t\t\t\t\t\t\t<div class=\"elementor-divider\">\n\t\t\t<span class=\"elementor-divider-separator\">\n\t\t\t\t\t\t<\/span>\n\t\t<\/div>\n\t\t\t\t\t\t<\/div>\n\t\t\t\t<\/div>\n\t\t\t\t<div class=\"elementor-element elementor-element-14b4ffb elementor-widget elementor-widget-text-editor\" data-id=\"14b4ffb\" data-element_type=\"widget\" data-e-type=\"widget\" data-widget_type=\"text-editor.default\">\n\t\t\t\t<div class=\"elementor-widget-container\">\n\t\t\t\t\t\t\t\t\t<h2>1. INFORMATION TO THE USER<strong><br \/><\/strong><\/h2><p><strong>TRANSFORMADOS MET\u00c1LICOS TORAL, SL<\/strong>, hereinafter RESPONSIBLE, is responsible for the processing of the user&#039;s personal data and informs you that these data will be processed in accordance with the provisions of Regulation (EU) 2016\/679 of April 27 (GDPR) and Organic Law 3 \/2018 of December 5 (LOPDGDD), therefore the following treatment information is provided:<\/p><p><strong>End of treatment<\/strong>: maintain a commercial relationship with the user. The operations planned to carry out the treatment are:<\/p><ul><li>Sending commercial advertising communications by email, fax, SMS, MMS, social communities or any other electronic or physical means, present or future, that makes it possible to make commercial communications. These communications will be made by the CONTROLLER and related to their products and services, or their collaborators or suppliers with whom they have reached a promotional agreement. In this case, third parties will never have access to personal data.<\/li><li>Carry out statistical studies.<\/li><li>Process orders, requests or any type of request made by the user through any of the contact forms made available.<\/li><li>Forward the newsletter on the website.<\/li><\/ul><p><strong><br \/>Legal basis of treatment<\/strong>: consent of the interested party.<\/p><p><strong>Data retention criteria<\/strong>: they will be kept for no longer than necessary to maintain the purpose of the processing and when they are no longer necessary for this purpose, they will be deleted with appropriate security measures to guarantee the pseudonymization of the data or their total destruction.<\/p><p><strong>Data communication<\/strong>: The data will not be communicated to third parties, except under legal obligation.<\/p><h3>Rights that assist the user:<\/h3><ul><li>Right to withdraw consent at any time.<\/li><li>Right of access, rectification, portability and deletion of your data and the limitation or opposition to its processing.<\/li><li>Right to file a claim with the supervisory authority (www.aepd.es) if you consider that the treatment does not comply with current regulations.<\/li><\/ul><h3>Contact information to exercise your rights:<\/h3><p>TRANSFORMADOS MET\u00c1LICOS TORAL, SL C\/ PLATA, 58 \u2013 47012 Valladolid (Spain).<\/p><p>E-mail: <a href=\"mailto:tmt@transformadosmetalicostoral.com\">tmt@transformadosmetalicostoral.com<\/a><\/p><p>\u00a0<\/p><h2>2. MANDATORY OR OPTIONAL NATURE OF THE INFORMATION PROVIDED BY THE USER<strong>\u00a0<\/strong><\/h2><p>Users, by checking the corresponding boxes and entering data in the fields marked with an asterisk (*) in the contact form or presented in download forms, expressly and freely and unequivocally accept that their data is necessary so that the provider can respond to your request, the inclusion of data in the remaining fields being voluntary. The user guarantees that the personal data provided to the CONTROLLER are true and is responsible for communicating any modification thereof.<\/p><p>The CONTROLLER expressly informs and guarantees users that their personal data will not be transferred in any case to third parties, and that whenever any type of transfer of personal data is made, the user will be previously asked for express, informed and unequivocal consent. All data requested through the website marked with an asterisk (*) is mandatory, as it is necessary to provide optimal service to the user. If all data is not provided, it is not guaranteed that the information and services provided are completely tailored to your needs.<\/p><p>\u00a0<\/p><h2>3. SECURITY MEASURES<\/h2><p>In accordance with the provisions of current regulations on the protection of personal data, the CONTROLLER is complying with all the provisions of the GDPR regulations for the processing of personal data under its responsibility, and manifestly with the principles described in article 5 of the GDPR. , for which they are treated in a lawful, fair and transparent manner in relation to the interested party and adequate, relevant and limited to what is necessary in relation to the purposes for which they are processed.<\/p><p>The CONTROLLER guarantees that it has implemented appropriate technical and organizational policies to apply the security measures established by the GDPR in order to protect the rights and freedoms of users and that it has communicated the appropriate information to them so that they can exercise them.<\/p>\t\t\t\t\t\t\t\t<\/div>\n\t\t\t\t<\/div>\n\t\t\t\t\t<\/div>\n\t\t\t\t<\/div>\n\t\t\t\t<\/div>","protected":false},"excerpt":{"rendered":"<p>Pol\u00edtica de privacidad 1. INFORMACI\u00d3N AL USUARIO TRANSFORMADOS MET\u00c1LICOS TORAL, S.L., en adelante RESPONSABLE, es el responsable del tratamiento de los datos personales del usuario y le informa que estos datos ser\u00e1n tratados de conformidad con lo dispuesto en el Reglamento (UE) 2016\/679 de 27 de abril (GDPR) y la Ley Org\u00e1nica 3\/2018 de 5 [&hellip;]<\/p>\n","protected":false},"author":4,"featured_media":0,"parent":0,"menu_order":0,"comment_status":"closed","ping_status":"closed","template":"elementor_header_footer","meta":{"_monsterinsights_skip_tracking":false,"_monsterinsights_sitenote_active":false,"_monsterinsights_sitenote_note":"","_monsterinsights_sitenote_category":0,"footnotes":""},"class_list":["post-1243","page","type-page","status-publish","hentry"],"yoast_head":"<!-- This site is optimized with the Yoast SEO plugin v27.6 - https:\/\/yoast.com\/product\/yoast-seo-wordpress\/ -->\n<title>Pol\u00edtica de privacidad - Transformados Met\u00e1licos Toral<\/title>\n<meta name=\"robots\" content=\"noindex, follow\" \/>\n<meta property=\"og:locale\" content=\"en_GB\" \/>\n<meta property=\"og:type\" content=\"article\" \/>\n<meta property=\"og:title\" content=\"Pol\u00edtica de privacidad - Transformados Met\u00e1licos Toral\" \/>\n<meta property=\"og:description\" content=\"Pol\u00edtica de privacidad 1. INFORMACI\u00d3N AL USUARIO TRANSFORMADOS MET\u00c1LICOS TORAL, S.L., en adelante RESPONSABLE, es el responsable del tratamiento de los datos personales del usuario y le informa que estos datos ser\u00e1n tratados de conformidad con lo dispuesto en el Reglamento (UE) 2016\/679 de 27 de abril (GDPR) y la Ley Org\u00e1nica 3\/2018 de 5 [&hellip;]\" \/>\n<meta property=\"og:url\" content=\"https:\/\/transformadosmetalicostoral.com\/en\/privacy-policy\/\" \/>\n<meta property=\"og:site_name\" content=\"Transformados Met\u00e1licos Toral\" \/>\n<meta property=\"article:publisher\" content=\"https:\/\/www.facebook.com\/p\/Transformados-Metalicos-Toral-100046589936217\/\" \/>\n<meta property=\"article:modified_time\" content=\"2023-09-13T10:27:19+00:00\" \/>\n<meta property=\"og:image\" content=\"https:\/\/transformadosmetalicostoral.com\/wp-content\/uploads\/2023\/07\/Transformados-metalicos-Toral-Valladolid_1.webp\" \/>\n\t<meta property=\"og:image:width\" content=\"2560\" \/>\n\t<meta property=\"og:image:height\" content=\"1707\" \/>\n\t<meta property=\"og:image:type\" content=\"image\/webp\" \/>\n<meta name=\"twitter:card\" content=\"summary_large_image\" \/>\n<meta name=\"twitter:label1\" content=\"Estimated reading time\" \/>\n\t<meta name=\"twitter:data1\" content=\"4 minutes\" \/>\n<script type=\"application\/ld+json\" class=\"yoast-schema-graph\">{\"@context\":\"https:\\\/\\\/schema.org\",\"@graph\":[{\"@type\":\"WebPage\",\"@id\":\"https:\\\/\\\/transformadosmetalicostoral.com\\\/politica-de-privacidad\\\/\",\"url\":\"https:\\\/\\\/transformadosmetalicostoral.com\\\/politica-de-privacidad\\\/\",\"name\":\"Pol\u00edtica de privacidad - Transformados Met\u00e1licos Toral\",\"isPartOf\":{\"@id\":\"https:\\\/\\\/transformadosmetalicostoral.com\\\/#website\"},\"datePublished\":\"2023-07-27T12:08:50+00:00\",\"dateModified\":\"2023-09-13T10:27:19+00:00\",\"breadcrumb\":{\"@id\":\"https:\\\/\\\/transformadosmetalicostoral.com\\\/politica-de-privacidad\\\/#breadcrumb\"},\"inLanguage\":\"en-GB\",\"potentialAction\":[{\"@type\":\"ReadAction\",\"target\":[\"https:\\\/\\\/transformadosmetalicostoral.com\\\/politica-de-privacidad\\\/\"]}]},{\"@type\":\"BreadcrumbList\",\"@id\":\"https:\\\/\\\/transformadosmetalicostoral.com\\\/politica-de-privacidad\\\/#breadcrumb\",\"itemListElement\":[{\"@type\":\"ListItem\",\"position\":1,\"name\":\"Portada\",\"item\":\"https:\\\/\\\/transformadosmetalicostoral.com\\\/\"},{\"@type\":\"ListItem\",\"position\":2,\"name\":\"Pol\u00edtica de privacidad\"}]},{\"@type\":\"WebSite\",\"@id\":\"https:\\\/\\\/transformadosmetalicostoral.com\\\/#website\",\"url\":\"https:\\\/\\\/transformadosmetalicostoral.com\\\/\",\"name\":\"Transformados met\u00e1licos Toral\",\"description\":\"Trabajos de estampaci\u00f3n y\u00a0embutici\u00f3n de piezas met\u00e1licas, soldadura de acero, aluminio y acero inoxidable, y en el dise\u00f1o, construcci\u00f3n\u00a0y montaje de instalaciones mec\u00e1nicas llave en mano\",\"publisher\":{\"@id\":\"https:\\\/\\\/transformadosmetalicostoral.com\\\/#organization\"},\"alternateName\":\"Transformados met\u00e1licos Toral\",\"potentialAction\":[{\"@type\":\"SearchAction\",\"target\":{\"@type\":\"EntryPoint\",\"urlTemplate\":\"https:\\\/\\\/transformadosmetalicostoral.com\\\/?s={search_term_string}\"},\"query-input\":{\"@type\":\"PropertyValueSpecification\",\"valueRequired\":true,\"valueName\":\"search_term_string\"}}],\"inLanguage\":\"en-GB\"},{\"@type\":\"Organization\",\"@id\":\"https:\\\/\\\/transformadosmetalicostoral.com\\\/#organization\",\"name\":\"Transformados met\u00e1licos Toral\",\"alternateName\":\"Transformados met\u00e1licos Toral\",\"url\":\"https:\\\/\\\/transformadosmetalicostoral.com\\\/\",\"logo\":{\"@type\":\"ImageObject\",\"inLanguage\":\"en-GB\",\"@id\":\"https:\\\/\\\/transformadosmetalicostoral.com\\\/#\\\/schema\\\/logo\\\/image\\\/\",\"url\":\"https:\\\/\\\/transformadosmetalicostoral.com\\\/wp-content\\\/uploads\\\/2023\\\/06\\\/favicon.png\",\"contentUrl\":\"https:\\\/\\\/transformadosmetalicostoral.com\\\/wp-content\\\/uploads\\\/2023\\\/06\\\/favicon.png\",\"width\":512,\"height\":512,\"caption\":\"Transformados met\u00e1licos Toral\"},\"image\":{\"@id\":\"https:\\\/\\\/transformadosmetalicostoral.com\\\/#\\\/schema\\\/logo\\\/image\\\/\"},\"sameAs\":[\"https:\\\/\\\/www.facebook.com\\\/p\\\/Transformados-Metalicos-Toral-100046589936217\\\/\",\"https:\\\/\\\/es.linkedin.com\\\/company\\\/transformados-metalicos-toral-sl\"]}]}<\/script>\n<!-- \/ Yoast SEO plugin. -->","yoast_head_json":{"title":"Privacy policy - Transformados Met\u00e1licos Toral","robots":{"index":"noindex","follow":"follow"},"og_locale":"en_GB","og_type":"article","og_title":"Pol\u00edtica de privacidad - Transformados Met\u00e1licos Toral","og_description":"Pol\u00edtica de privacidad 1. INFORMACI\u00d3N AL USUARIO TRANSFORMADOS MET\u00c1LICOS TORAL, S.L., en adelante RESPONSABLE, es el responsable del tratamiento de los datos personales del usuario y le informa que estos datos ser\u00e1n tratados de conformidad con lo dispuesto en el Reglamento (UE) 2016\/679 de 27 de abril (GDPR) y la Ley Org\u00e1nica 3\/2018 de 5 [&hellip;]","og_url":"https:\/\/transformadosmetalicostoral.com\/en\/privacy-policy\/","og_site_name":"Transformados Met\u00e1licos Toral","article_publisher":"https:\/\/www.facebook.com\/p\/Transformados-Metalicos-Toral-100046589936217\/","article_modified_time":"2023-09-13T10:27:19+00:00","og_image":[{"width":2560,"height":1707,"url":"https:\/\/transformadosmetalicostoral.com\/wp-content\/uploads\/2023\/07\/Transformados-metalicos-Toral-Valladolid_1.webp","type":"image\/webp"}],"twitter_card":"summary_large_image","twitter_misc":{"Estimated reading time":"4 minutes"},"schema":{"@context":"https:\/\/schema.org","@graph":[{"@type":"WebPage","@id":"https:\/\/transformadosmetalicostoral.com\/politica-de-privacidad\/","url":"https:\/\/transformadosmetalicostoral.com\/politica-de-privacidad\/","name":"Privacy policy - Transformados Met\u00e1licos Toral","isPartOf":{"@id":"https:\/\/transformadosmetalicostoral.com\/#website"},"datePublished":"2023-07-27T12:08:50+00:00","dateModified":"2023-09-13T10:27:19+00:00","breadcrumb":{"@id":"https:\/\/transformadosmetalicostoral.com\/politica-de-privacidad\/#breadcrumb"},"inLanguage":"en-GB","potentialAction":[{"@type":"ReadAction","target":["https:\/\/transformadosmetalicostoral.com\/politica-de-privacidad\/"]}]},{"@type":"BreadcrumbList","@id":"https:\/\/transformadosmetalicostoral.com\/politica-de-privacidad\/#breadcrumb","itemListElement":[{"@type":"ListItem","position":1,"name":"Portada","item":"https:\/\/transformadosmetalicostoral.com\/"},{"@type":"ListItem","position":2,"name":"Pol\u00edtica de privacidad"}]},{"@type":"WebSite","@id":"https:\/\/transformadosmetalicostoral.com\/#website","url":"https:\/\/transformadosmetalicostoral.com\/","name":"Toral metal transformers","description":"Stamping and drawing work on metal parts, welding of steel, aluminum and stainless steel, and in the design, construction and assembly of turnkey mechanical installations","publisher":{"@id":"https:\/\/transformadosmetalicostoral.com\/#organization"},"alternateName":"Transformados met\u00e1licos Toral","potentialAction":[{"@type":"SearchAction","target":{"@type":"EntryPoint","urlTemplate":"https:\/\/transformadosmetalicostoral.com\/?s={search_term_string}"},"query-input":{"@type":"PropertyValueSpecification","valueRequired":true,"valueName":"search_term_string"}}],"inLanguage":"en-GB"},{"@type":"Organization","@id":"https:\/\/transformadosmetalicostoral.com\/#organization","name":"Toral metal transformers","alternateName":"Transformados met\u00e1licos Toral","url":"https:\/\/transformadosmetalicostoral.com\/","logo":{"@type":"ImageObject","inLanguage":"en-GB","@id":"https:\/\/transformadosmetalicostoral.com\/#\/schema\/logo\/image\/","url":"https:\/\/transformadosmetalicostoral.com\/wp-content\/uploads\/2023\/06\/favicon.png","contentUrl":"https:\/\/transformadosmetalicostoral.com\/wp-content\/uploads\/2023\/06\/favicon.png","width":512,"height":512,"caption":"Transformados met\u00e1licos Toral"},"image":{"@id":"https:\/\/transformadosmetalicostoral.com\/#\/schema\/logo\/image\/"},"sameAs":["https:\/\/www.facebook.com\/p\/Transformados-Metalicos-Toral-100046589936217\/","https:\/\/es.linkedin.com\/company\/transformados-metalicos-toral-sl"]}]}},"_links":{"self":[{"href":"https:\/\/transformadosmetalicostoral.com\/en\/wp-json\/wp\/v2\/pages\/1243","targetHints":{"allow":["GET"]}}],"collection":[{"href":"https:\/\/transformadosmetalicostoral.com\/en\/wp-json\/wp\/v2\/pages"}],"about":[{"href":"https:\/\/transformadosmetalicostoral.com\/en\/wp-json\/wp\/v2\/types\/page"}],"author":[{"embeddable":true,"href":"https:\/\/transformadosmetalicostoral.com\/en\/wp-json\/wp\/v2\/users\/4"}],"replies":[{"embeddable":true,"href":"https:\/\/transformadosmetalicostoral.com\/en\/wp-json\/wp\/v2\/comments?post=1243"}],"version-history":[{"count":3,"href":"https:\/\/transformadosmetalicostoral.com\/en\/wp-json\/wp\/v2\/pages\/1243\/revisions"}],"predecessor-version":[{"id":1956,"href":"https:\/\/transformadosmetalicostoral.com\/en\/wp-json\/wp\/v2\/pages\/1243\/revisions\/1956"}],"wp:attachment":[{"href":"https:\/\/transformadosmetalicostoral.com\/en\/wp-json\/wp\/v2\/media?parent=1243"}],"curies":[{"name":"wp","href":"https:\/\/api.w.org\/{rel}","templated":true}]}}