{"id":1241,"date":"2023-07-27T14:08:38","date_gmt":"2023-07-27T12:08:38","guid":{"rendered":"https:\/\/transformadosmetalicostoral.com\/?page_id=1241"},"modified":"2023-09-13T12:21:46","modified_gmt":"2023-09-13T10:21:46","slug":"avis-juridique","status":"publish","type":"page","link":"https:\/\/transformadosmetalicostoral.com\/fr\/aviso-legal\/","title":{"rendered":"Avis juridique"},"content":{"rendered":"<div data-elementor-type=\"wp-page\" data-elementor-id=\"1241\" class=\"elementor elementor-1241\" data-elementor-post-type=\"page\">\n\t\t\t\t<div class=\"elementor-element elementor-element-327364e e-flex e-con-boxed e-con e-parent\" data-id=\"327364e\" data-element_type=\"container\" data-e-type=\"container\" data-settings=\"{&quot;background_background&quot;:&quot;classic&quot;,&quot;jet_parallax_layout_list&quot;:[]}\">\n\t\t\t\t\t<div class=\"e-con-inner\">\n\t\t\t\t<div class=\"elementor-element elementor-element-a39cec4 elementor-widget elementor-widget-heading\" data-id=\"a39cec4\" data-element_type=\"widget\" data-e-type=\"widget\" data-widget_type=\"heading.default\">\n\t\t\t\t<div class=\"elementor-widget-container\">\n\t\t\t\t\t<h1 class=\"elementor-heading-title elementor-size-default\">Avis juridique<\/h1>\t\t\t\t<\/div>\n\t\t\t\t<\/div>\n\t\t\t\t<div class=\"elementor-element elementor-element-329f605 elementor-widget-divider--view-line elementor-widget elementor-widget-divider\" data-id=\"329f605\" data-element_type=\"widget\" data-e-type=\"widget\" data-widget_type=\"divider.default\">\n\t\t\t\t<div class=\"elementor-widget-container\">\n\t\t\t\t\t\t\t<div class=\"elementor-divider\">\n\t\t\t<span class=\"elementor-divider-separator\">\n\t\t\t\t\t\t<\/span>\n\t\t<\/div>\n\t\t\t\t\t\t<\/div>\n\t\t\t\t<\/div>\n\t\t\t\t<div class=\"elementor-element elementor-element-2d9d794 elementor-widget elementor-widget-text-editor\" data-id=\"2d9d794\" data-element_type=\"widget\" data-e-type=\"widget\" data-widget_type=\"text-editor.default\">\n\t\t\t\t<div class=\"elementor-widget-container\">\n\t\t\t\t\t\t\t\t\t<h2>DROIT DES SERVICES DE LA SOCI\u00c9T\u00c9 DE L&#039;INFORMATION (LSSI)<\/h2><p>TRANSFORMADOS MET\u00c1LICOS TORAL, SL, responsable du site Web, ci-apr\u00e8s RESPONSABLE, met \u00e0 la disposition des utilisateurs ce document, avec lequel elle entend respecter les obligations \u00e9nonc\u00e9es dans la loi 34\/2002 du 11 juillet sur les services de s\u00e9curit\u00e9, la soci\u00e9t\u00e9 de l&#039;information et Commerce \u00e9lectronique (LSSICE), BOE n\u00b0 166, ainsi que d&#039;informer tous les utilisateurs du site Internet des conditions d&#039;utilisation.<\/p><p>Toute personne qui acc\u00e8de \u00e0 ce site Web assume le r\u00f4le d&#039;utilisateur, s&#039;engageant au strict respect et au respect des dispositions contenues dans le pr\u00e9sent document, ainsi que de toute autre disposition l\u00e9gale applicable.<\/p><p>TRANSFORMADOS MET\u00c1LICOS TORAL, SL se r\u00e9serve le droit de modifier tout type d&#039;informations qui pourraient appara\u00eetre sur le site Web, sans aucune obligation de notifier ou d&#039;informer les utilisateurs de ces modifications, la publication sur le site Web \u00e9tant consid\u00e9r\u00e9e comme suffisante.<\/p><p>\u00a0<\/p><h2>1. DONN\u00c9ES D&#039;IDENTIFICATION<\/h2><ul><li>Nom de domaine : www.transformadosmetalicostoral.com<\/li><li>Nom commercial : Transform\u00e9 M\u00e9tallique Toral<\/li><li>Raison sociale : TRANSFORMADOS MET\u00c1LICOS TORAL, SL NIF : B47311303<\/li><li>Si\u00e8ge social : C\/ Plata 58 \u2013 Valladolid<\/li><li>T\u00e9l\u00e9phone : +34 983 303 135<\/li><li>e-mail : tmt@transformadosmetalicostoral.com<\/li><li>Inscrite au Registre du Commerce de Valladolid<\/li><\/ul><p>\u00a0<\/p><h2>2. DROITS DE PROPRI\u00c9T\u00c9 INTELLECTUELLE ET INDUSTRIELLE<\/h2><p>Le site Internet, y compris mais sans s&#039;y limiter, sa programmation, son \u00e9dition, sa compilation et autres \u00e9l\u00e9ments n\u00e9cessaires \u00e0 son fonctionnement, les designs, logos, textes et\/ou graphiques, sont la propri\u00e9t\u00e9 du RESPONSABLE ou, le cas \u00e9ch\u00e9ant, il dispose d&#039;une licence. ou autorisation expresse des auteurs. Tous les contenus du site Web sont d\u00fbment prot\u00e9g\u00e9s par la r\u00e9glementation en mati\u00e8re de propri\u00e9t\u00e9 intellectuelle et industrielle, ainsi que enregistr\u00e9s dans les registres publics correspondants.<\/p><p>Quelle que soit la finalit\u00e9 pour laquelle ils sont destin\u00e9s, la reproduction totale ou partielle, l&#039;utilisation, l&#039;exploitation, la distribution et la commercialisation n\u00e9cessitent dans tous les cas l&#039;autorisation \u00e9crite pr\u00e9alable du RESPONSABLE. Toute utilisation non pr\u00e9alablement autoris\u00e9e est consid\u00e9r\u00e9e comme une violation grave des droits de propri\u00e9t\u00e9 intellectuelle ou industrielle de l&#039;auteur.<\/p><p>Les dessins, logos, textes et\/ou graphiques autres que ceux du RESPONSABLE et susceptibles d&#039;appara\u00eetre sur le site appartiennent \u00e0 leurs propri\u00e9taires respectifs, qui sont eux-m\u00eames responsables de toute \u00e9ventuelle controverse qui pourrait surgir \u00e0 leur sujet. Le RESPONSABLE autorise express\u00e9ment les tiers \u00e0 rediriger directement vers le contenu sp\u00e9cifique du site Web, et en tout cas rediriger vers le site Web principal de <a href=\"http:\/\/transformadosmetalicostoral.com\/fr\/\">www.transformadosmetalicostoral.com.<\/a><\/p><p>Le RESPONSABLE reconna\u00eet les droits de propri\u00e9t\u00e9 intellectuelle et industrielle correspondants en faveur de leurs propri\u00e9taires, et leur simple mention ou apparition sur le site Web n&#039;implique pas l&#039;existence d&#039;un quelconque droit ou responsabilit\u00e9 \u00e0 leur \u00e9gard, ni n&#039;implique l&#039;approbation, le parrainage ou la recommandation de la part de celui-ci. . .<\/p><p>Pour faire tout type d&#039;observation concernant d&#039;\u00e9ventuelles violations des droits de propri\u00e9t\u00e9 intellectuelle ou industrielle, ainsi que sur tout contenu du site Web, vous pouvez le faire par courrier \u00e9lectronique.<a href=\"mailto:tmt@transformadosmetalicostoral.com\"> tmt@transformadosmetalicostoral.com.<\/a><\/p><p>\u00a0<\/p><h2>3. EXCLUSION DE RESPONSABILIT\u00c9<\/h2><p>Le RESPONSABLE est exon\u00e9r\u00e9 de tout type de responsabilit\u00e9 d\u00e9riv\u00e9e des informations publi\u00e9es sur son site Web chaque fois que ces informations ont \u00e9t\u00e9 manipul\u00e9es ou introduites par un tiers qui ne lui est pas li\u00e9.<\/p><h3><br \/>Utilisation des cookies<\/h3><p>Ce site Web peut utiliser des cookies techniques (petits fichiers d&#039;informations que le serveur envoie \u00e0 l&#039;ordinateur de la personne acc\u00e9dant \u00e0 la page) pour r\u00e9aliser certaines fonctions consid\u00e9r\u00e9es comme essentielles au bon fonctionnement et \u00e0 l&#039;affichage du site. Les cookies utilis\u00e9s sont en tout cas de nature temporaire, dans le seul but de rendre la navigation plus efficace et disparaissent \u00e0 la fin de la session de l&#039;utilisateur. En aucun cas ces cookies ne fournissent \u00e0 eux seuls des donn\u00e9es personnelles et ne serviront pas \u00e0 les collecter.<\/p><p>Gr\u00e2ce \u00e0 l&#039;utilisation de cookies, il est \u00e9galement possible que le serveur sur lequel se trouve le site Web reconnaisse le navigateur utilis\u00e9 par l&#039;utilisateur afin de faciliter la navigation, en permettant, par exemple, l&#039;acc\u00e8s aux utilisateurs pr\u00e9alablement inscrits aux zones, services. , promotions ou concours qui leur sont r\u00e9serv\u00e9s exclusivement sans avoir \u00e0 s&#039;inscrire \u00e0 chaque visite. Ils peuvent \u00e9galement \u00eatre utilis\u00e9s pour mesurer l&#039;audience, les param\u00e8tres de trafic, contr\u00f4ler la progression et le nombre d&#039;entr\u00e9es, etc., dans ces cas les cookies \u00e9tant techniquement superflus mais b\u00e9n\u00e9fiques pour l&#039;utilisateur. Ce site Web n&#039;installera pas de cookies inutiles sans le consentement pr\u00e9alable de l&#039;utilisateur.<\/p><p>Ce site Web utilise des cookies analytiques (_ga ou _utm) appartenant \u00e0 Google Analytics, persistants pendant 2 ans, pour am\u00e9liorer nos services en analysant vos habitudes de navigation. Chaque utilisateur qui visite le site est inform\u00e9 de l&#039;utilisation de ce cookie par le biais d&#039;une banni\u00e8re flottante demandant le consentement pour son installation. Si vous acceptez son utilisation, la banni\u00e8re dispara\u00eetra, mais vous pourrez r\u00e9voquer votre consentement \u00e0 tout moment et obtenir plus d&#039;informations en consultant notre Politique de Cookies.<\/p><p>L&#039;utilisateur a la possibilit\u00e9 de configurer son navigateur pour \u00eatre alert\u00e9 de la r\u00e9ception de cookies et emp\u00eacher leur installation sur son ordinateur. Veuillez consulter les instructions de votre navigateur pour plus d&#039;informations.<\/p><h3><br \/>Politique de lien<\/h3><p>\u00c0 partir du site Web, vous pouvez \u00eatre redirig\u00e9 vers du contenu sur des sites Web tiers. \u00c9tant donn\u00e9 que le RESPONSABLE ne peut pas toujours contr\u00f4ler les contenus introduits par des tiers sur leurs sites Web respectifs, il n&#039;assume aucune responsabilit\u00e9 quant \u00e0 ces contenus. En todo caso, proceder\u00e1 a la retirada inmediata de cualquier contenido que pudiera contravenir la legislaci\u00f3n nacional o internacional, la moral o el orden p\u00fablico, procediendo a la retirada inmediata de la redirecci\u00f3n a dicho sitio web, poniendo en conocimiento de las autoridades competentes el contenido en question.<\/p><p>Le RESPONSABLE n&#039;est pas responsable des informations et du contenu stock\u00e9s, \u00e0 titre d&#039;exemple mais sans s&#039;y limiter, dans les forums, chats, g\u00e9n\u00e9rateurs de blogs, commentaires, r\u00e9seaux sociaux ou tout autre moyen permettant \u00e0 des tiers de publier du contenu de mani\u00e8re ind\u00e9pendante sur le site Web. le responsable. Cependant, et conform\u00e9ment aux dispositions des articles 11 et 16 de la LSSICE, il est mis \u00e0 la disposition de tous les utilisateurs, autorit\u00e9s et forces de s\u00e9curit\u00e9, collaborant activement au retrait ou, le cas \u00e9ch\u00e9ant, au blocage de tous les contenus susceptibles d&#039;affecter ou de contrevenir. la l\u00e9gislation nationale ou internationale, les droits des tiers ou encore les bonnes m\u0153urs et l&#039;ordre public. Si l&#039;utilisateur estime qu&#039;il existe un contenu sur le site Web susceptible d&#039;\u00eatre soumis \u00e0 cette classification, il est pri\u00e9 d&#039;en informer imm\u00e9diatement l&#039;administrateur du site Web.<\/p><p>Ce site Web a \u00e9t\u00e9 examin\u00e9 et test\u00e9 pour fonctionner correctement. En principe, le bon fonctionnement peut \u00eatre garanti 365 jours par an, 24 heures sur 24. Cependant, le RESPONSABLE n&#039;exclut pas la possibilit\u00e9 que certaines erreurs de programmation se produisent, ni que des cas de force majeure, des catastrophes naturelles, des gr\u00e8ves ou des circonstances similaires puissent survenir rendant impossible l&#039;acc\u00e8s au site Web.<\/p><h3><br \/>Adresses IP<\/h3><p>Les serveurs du site Web peuvent d\u00e9tecter automatiquement l&#039;adresse IP et le nom de domaine utilis\u00e9s par l&#039;utilisateur. Une adresse IP est un num\u00e9ro automatiquement attribu\u00e9 \u00e0 un ordinateur lorsqu&#039;il se connecte \u00e0 Internet. Toutes ces informations sont enregistr\u00e9es dans un fichier d&#039;activit\u00e9 du serveur d\u00fbment enregistr\u00e9 qui permet le traitement ult\u00e9rieur des donn\u00e9es afin d&#039;obtenir uniquement des mesures statistiques permettant de conna\u00eetre le nombre d&#039;impressions de pages, le nombre de visites effectu\u00e9es sur les serveurs Web, l&#039;ordre des visites. , le point d&#039;acc\u00e8s, etc.<\/p><p>\u00a0<\/p><h2>4. LOI APPLICABLE ET JURIDICTION<\/h2><p>Pour la r\u00e9solution de tous les litiges ou probl\u00e8mes li\u00e9s \u00e0 ce site Web ou aux activit\u00e9s qui y sont r\u00e9alis\u00e9es, la l\u00e9gislation espagnole s&#039;appliquera, \u00e0 laquelle les parties se soumettent express\u00e9ment, \u00e9tant comp\u00e9tentes pour la r\u00e9solution de tous les conflits survenant ou li\u00e9s \u00e0 son utilisation, les Cours et Tribunaux. la plus proche de Valladolid (Espagne).<\/p>\t\t\t\t\t\t\t\t<\/div>\n\t\t\t\t<\/div>\n\t\t\t\t\t<\/div>\n\t\t\t\t<\/div>\n\t\t\t\t<\/div>","protected":false},"excerpt":{"rendered":"<p>Aviso Legal LEY DE LOS SERVICIOS DE LA SOCIEDAD DE LA INFORMACI\u00d3N (LSSI) TRANSFORMADOS MET\u00c1LICOS TORAL, S.L., responsable del sitio web, en adelante RESPONSABLE, pone a disposici\u00f3n de los usuarios el presente documento, con el que pretende dar cumplimiento a las obligaciones dispuestas en la Ley 34\/2002, de 11 de julio, de Servicios de la [&hellip;]<\/p>\n","protected":false},"author":4,"featured_media":0,"parent":0,"menu_order":0,"comment_status":"closed","ping_status":"closed","template":"elementor_header_footer","meta":{"_monsterinsights_skip_tracking":false,"_monsterinsights_sitenote_active":false,"_monsterinsights_sitenote_note":"","_monsterinsights_sitenote_category":0,"footnotes":""},"class_list":["post-1241","page","type-page","status-publish","hentry"],"yoast_head":"<!-- This site is optimized with the Yoast SEO plugin v27.5 - https:\/\/yoast.com\/product\/yoast-seo-wordpress\/ -->\n<title>Aviso legal - Transformados Met\u00e1licos Toral<\/title>\n<meta name=\"robots\" content=\"noindex, follow\" \/>\n<meta property=\"og:locale\" content=\"fr_FR\" \/>\n<meta property=\"og:type\" content=\"article\" \/>\n<meta property=\"og:title\" content=\"Aviso legal - Transformados Met\u00e1licos Toral\" \/>\n<meta property=\"og:description\" content=\"Aviso Legal LEY DE LOS SERVICIOS DE LA SOCIEDAD DE LA INFORMACI\u00d3N (LSSI) TRANSFORMADOS MET\u00c1LICOS TORAL, S.L., responsable del sitio web, en adelante RESPONSABLE, pone a disposici\u00f3n de los usuarios el presente documento, con el que pretende dar cumplimiento a las obligaciones dispuestas en la Ley 34\/2002, de 11 de julio, de Servicios de la [&hellip;]\" \/>\n<meta property=\"og:url\" content=\"https:\/\/transformadosmetalicostoral.com\/fr\/avis-juridique\/\" \/>\n<meta property=\"og:site_name\" content=\"Transformados Met\u00e1licos Toral\" \/>\n<meta property=\"article:publisher\" content=\"https:\/\/www.facebook.com\/p\/Transformados-Metalicos-Toral-100046589936217\/\" \/>\n<meta property=\"article:modified_time\" content=\"2023-09-13T10:21:46+00:00\" \/>\n<meta property=\"og:image\" content=\"https:\/\/transformadosmetalicostoral.com\/wp-content\/uploads\/2023\/07\/Transformados-metalicos-Toral-Valladolid_1.webp\" \/>\n\t<meta property=\"og:image:width\" content=\"2560\" \/>\n\t<meta property=\"og:image:height\" content=\"1707\" \/>\n\t<meta property=\"og:image:type\" content=\"image\/webp\" \/>\n<meta name=\"twitter:card\" content=\"summary_large_image\" \/>\n<meta name=\"twitter:label1\" content=\"Dur\u00e9e de lecture estim\u00e9e\" \/>\n\t<meta name=\"twitter:data1\" content=\"7 minutes\" \/>\n<script type=\"application\/ld+json\" class=\"yoast-schema-graph\">{\"@context\":\"https:\\\/\\\/schema.org\",\"@graph\":[{\"@type\":\"WebPage\",\"@id\":\"https:\\\/\\\/transformadosmetalicostoral.com\\\/aviso-legal\\\/\",\"url\":\"https:\\\/\\\/transformadosmetalicostoral.com\\\/aviso-legal\\\/\",\"name\":\"Aviso legal - Transformados Met\u00e1licos Toral\",\"isPartOf\":{\"@id\":\"https:\\\/\\\/transformadosmetalicostoral.com\\\/#website\"},\"datePublished\":\"2023-07-27T12:08:38+00:00\",\"dateModified\":\"2023-09-13T10:21:46+00:00\",\"breadcrumb\":{\"@id\":\"https:\\\/\\\/transformadosmetalicostoral.com\\\/aviso-legal\\\/#breadcrumb\"},\"inLanguage\":\"fr-FR\",\"potentialAction\":[{\"@type\":\"ReadAction\",\"target\":[\"https:\\\/\\\/transformadosmetalicostoral.com\\\/aviso-legal\\\/\"]}]},{\"@type\":\"BreadcrumbList\",\"@id\":\"https:\\\/\\\/transformadosmetalicostoral.com\\\/aviso-legal\\\/#breadcrumb\",\"itemListElement\":[{\"@type\":\"ListItem\",\"position\":1,\"name\":\"Portada\",\"item\":\"https:\\\/\\\/transformadosmetalicostoral.com\\\/\"},{\"@type\":\"ListItem\",\"position\":2,\"name\":\"Aviso legal\"}]},{\"@type\":\"WebSite\",\"@id\":\"https:\\\/\\\/transformadosmetalicostoral.com\\\/#website\",\"url\":\"https:\\\/\\\/transformadosmetalicostoral.com\\\/\",\"name\":\"Transformados met\u00e1licos Toral\",\"description\":\"Trabajos de estampaci\u00f3n y\u00a0embutici\u00f3n de piezas met\u00e1licas, soldadura de acero, aluminio y acero inoxidable, y en el dise\u00f1o, construcci\u00f3n\u00a0y montaje de instalaciones mec\u00e1nicas llave en mano\",\"publisher\":{\"@id\":\"https:\\\/\\\/transformadosmetalicostoral.com\\\/#organization\"},\"alternateName\":\"Transformados met\u00e1licos Toral\",\"potentialAction\":[{\"@type\":\"SearchAction\",\"target\":{\"@type\":\"EntryPoint\",\"urlTemplate\":\"https:\\\/\\\/transformadosmetalicostoral.com\\\/?s={search_term_string}\"},\"query-input\":{\"@type\":\"PropertyValueSpecification\",\"valueRequired\":true,\"valueName\":\"search_term_string\"}}],\"inLanguage\":\"fr-FR\"},{\"@type\":\"Organization\",\"@id\":\"https:\\\/\\\/transformadosmetalicostoral.com\\\/#organization\",\"name\":\"Transformados met\u00e1licos Toral\",\"alternateName\":\"Transformados met\u00e1licos Toral\",\"url\":\"https:\\\/\\\/transformadosmetalicostoral.com\\\/\",\"logo\":{\"@type\":\"ImageObject\",\"inLanguage\":\"fr-FR\",\"@id\":\"https:\\\/\\\/transformadosmetalicostoral.com\\\/#\\\/schema\\\/logo\\\/image\\\/\",\"url\":\"https:\\\/\\\/transformadosmetalicostoral.com\\\/wp-content\\\/uploads\\\/2023\\\/06\\\/favicon.png\",\"contentUrl\":\"https:\\\/\\\/transformadosmetalicostoral.com\\\/wp-content\\\/uploads\\\/2023\\\/06\\\/favicon.png\",\"width\":512,\"height\":512,\"caption\":\"Transformados met\u00e1licos Toral\"},\"image\":{\"@id\":\"https:\\\/\\\/transformadosmetalicostoral.com\\\/#\\\/schema\\\/logo\\\/image\\\/\"},\"sameAs\":[\"https:\\\/\\\/www.facebook.com\\\/p\\\/Transformados-Metalicos-Toral-100046589936217\\\/\",\"https:\\\/\\\/es.linkedin.com\\\/company\\\/transformados-metalicos-toral-sl\"]}]}<\/script>\n<!-- \/ Yoast SEO plugin. -->","yoast_head_json":{"title":"Mentions l\u00e9gales - M\u00e9tal Transform\u00e9 Toral","robots":{"index":"noindex","follow":"follow"},"og_locale":"fr_FR","og_type":"article","og_title":"Aviso legal - Transformados Met\u00e1licos Toral","og_description":"Aviso Legal LEY DE LOS SERVICIOS DE LA SOCIEDAD DE LA INFORMACI\u00d3N (LSSI) TRANSFORMADOS MET\u00c1LICOS TORAL, S.L., responsable del sitio web, en adelante RESPONSABLE, pone a disposici\u00f3n de los usuarios el presente documento, con el que pretende dar cumplimiento a las obligaciones dispuestas en la Ley 34\/2002, de 11 de julio, de Servicios de la [&hellip;]","og_url":"https:\/\/transformadosmetalicostoral.com\/fr\/avis-juridique\/","og_site_name":"Transformados Met\u00e1licos Toral","article_publisher":"https:\/\/www.facebook.com\/p\/Transformados-Metalicos-Toral-100046589936217\/","article_modified_time":"2023-09-13T10:21:46+00:00","og_image":[{"width":2560,"height":1707,"url":"https:\/\/transformadosmetalicostoral.com\/wp-content\/uploads\/2023\/07\/Transformados-metalicos-Toral-Valladolid_1.webp","type":"image\/webp"}],"twitter_card":"summary_large_image","twitter_misc":{"Dur\u00e9e de lecture estim\u00e9e":"7 minutes"},"schema":{"@context":"https:\/\/schema.org","@graph":[{"@type":"WebPage","@id":"https:\/\/transformadosmetalicostoral.com\/aviso-legal\/","url":"https:\/\/transformadosmetalicostoral.com\/aviso-legal\/","name":"Mentions l\u00e9gales - M\u00e9tal Transform\u00e9 Toral","isPartOf":{"@id":"https:\/\/transformadosmetalicostoral.com\/#website"},"datePublished":"2023-07-27T12:08:38+00:00","dateModified":"2023-09-13T10:21:46+00:00","breadcrumb":{"@id":"https:\/\/transformadosmetalicostoral.com\/aviso-legal\/#breadcrumb"},"inLanguage":"fr-FR","potentialAction":[{"@type":"ReadAction","target":["https:\/\/transformadosmetalicostoral.com\/aviso-legal\/"]}]},{"@type":"BreadcrumbList","@id":"https:\/\/transformadosmetalicostoral.com\/aviso-legal\/#breadcrumb","itemListElement":[{"@type":"ListItem","position":1,"name":"Portada","item":"https:\/\/transformadosmetalicostoral.com\/"},{"@type":"ListItem","position":2,"name":"Aviso legal"}]},{"@type":"WebSite","@id":"https:\/\/transformadosmetalicostoral.com\/#website","url":"https:\/\/transformadosmetalicostoral.com\/","name":"Transformateurs m\u00e9talliques Toral","description":"Travaux d&#039;emboutissage et d&#039;emboutissage de pi\u00e8ces m\u00e9talliques, de soudage de l&#039;acier, de l&#039;aluminium et de l&#039;acier inoxydable, ainsi que dans la conception, la construction et le montage d&#039;installations m\u00e9caniques cl\u00e9 en main.","publisher":{"@id":"https:\/\/transformadosmetalicostoral.com\/#organization"},"alternateName":"Transformados met\u00e1licos Toral","potentialAction":[{"@type":"SearchAction","target":{"@type":"EntryPoint","urlTemplate":"https:\/\/transformadosmetalicostoral.com\/?s={search_term_string}"},"query-input":{"@type":"PropertyValueSpecification","valueRequired":true,"valueName":"search_term_string"}}],"inLanguage":"fr-FR"},{"@type":"Organization","@id":"https:\/\/transformadosmetalicostoral.com\/#organization","name":"Transformateurs m\u00e9talliques Toral","alternateName":"Transformados met\u00e1licos Toral","url":"https:\/\/transformadosmetalicostoral.com\/","logo":{"@type":"ImageObject","inLanguage":"fr-FR","@id":"https:\/\/transformadosmetalicostoral.com\/#\/schema\/logo\/image\/","url":"https:\/\/transformadosmetalicostoral.com\/wp-content\/uploads\/2023\/06\/favicon.png","contentUrl":"https:\/\/transformadosmetalicostoral.com\/wp-content\/uploads\/2023\/06\/favicon.png","width":512,"height":512,"caption":"Transformados met\u00e1licos Toral"},"image":{"@id":"https:\/\/transformadosmetalicostoral.com\/#\/schema\/logo\/image\/"},"sameAs":["https:\/\/www.facebook.com\/p\/Transformados-Metalicos-Toral-100046589936217\/","https:\/\/es.linkedin.com\/company\/transformados-metalicos-toral-sl"]}]}},"_links":{"self":[{"href":"https:\/\/transformadosmetalicostoral.com\/fr\/wp-json\/wp\/v2\/pages\/1241","targetHints":{"allow":["GET"]}}],"collection":[{"href":"https:\/\/transformadosmetalicostoral.com\/fr\/wp-json\/wp\/v2\/pages"}],"about":[{"href":"https:\/\/transformadosmetalicostoral.com\/fr\/wp-json\/wp\/v2\/types\/page"}],"author":[{"embeddable":true,"href":"https:\/\/transformadosmetalicostoral.com\/fr\/wp-json\/wp\/v2\/users\/4"}],"replies":[{"embeddable":true,"href":"https:\/\/transformadosmetalicostoral.com\/fr\/wp-json\/wp\/v2\/comments?post=1241"}],"version-history":[{"count":3,"href":"https:\/\/transformadosmetalicostoral.com\/fr\/wp-json\/wp\/v2\/pages\/1241\/revisions"}],"predecessor-version":[{"id":1953,"href":"https:\/\/transformadosmetalicostoral.com\/fr\/wp-json\/wp\/v2\/pages\/1241\/revisions\/1953"}],"wp:attachment":[{"href":"https:\/\/transformadosmetalicostoral.com\/fr\/wp-json\/wp\/v2\/media?parent=1241"}],"curies":[{"name":"wp","href":"https:\/\/api.w.org\/{rel}","templated":true}]}}