{"id":1243,"date":"2023-07-27T14:08:50","date_gmt":"2023-07-27T12:08:50","guid":{"rendered":"https:\/\/transformadosmetalicostoral.com\/?page_id=1243"},"modified":"2023-09-13T12:27:19","modified_gmt":"2023-09-13T10:27:19","slug":"politique-de-confidentialite","status":"publish","type":"page","link":"https:\/\/transformadosmetalicostoral.com\/fr\/politica-de-privacidad\/","title":{"rendered":"Politique de confidentialit\u00e9"},"content":{"rendered":"<div data-elementor-type=\"wp-page\" data-elementor-id=\"1243\" class=\"elementor elementor-1243\" data-elementor-post-type=\"page\">\n\t\t\t\t<div class=\"elementor-element elementor-element-587ef80 e-flex e-con-boxed e-con e-parent\" data-id=\"587ef80\" data-element_type=\"container\" data-e-type=\"container\" data-settings=\"{&quot;background_background&quot;:&quot;classic&quot;,&quot;jet_parallax_layout_list&quot;:[]}\">\n\t\t\t\t\t<div class=\"e-con-inner\">\n\t\t\t\t<div class=\"elementor-element elementor-element-03a7122 elementor-widget elementor-widget-heading\" data-id=\"03a7122\" data-element_type=\"widget\" data-e-type=\"widget\" data-widget_type=\"heading.default\">\n\t\t\t\t<div class=\"elementor-widget-container\">\n\t\t\t\t\t<h1 class=\"elementor-heading-title elementor-size-default\">Politique de confidentialit\u00e9<\/h1>\t\t\t\t<\/div>\n\t\t\t\t<\/div>\n\t\t\t\t<div class=\"elementor-element elementor-element-b055054 elementor-widget-divider--view-line elementor-widget elementor-widget-divider\" data-id=\"b055054\" data-element_type=\"widget\" data-e-type=\"widget\" data-widget_type=\"divider.default\">\n\t\t\t\t<div class=\"elementor-widget-container\">\n\t\t\t\t\t\t\t<div class=\"elementor-divider\">\n\t\t\t<span class=\"elementor-divider-separator\">\n\t\t\t\t\t\t<\/span>\n\t\t<\/div>\n\t\t\t\t\t\t<\/div>\n\t\t\t\t<\/div>\n\t\t\t\t<div class=\"elementor-element elementor-element-14b4ffb elementor-widget elementor-widget-text-editor\" data-id=\"14b4ffb\" data-element_type=\"widget\" data-e-type=\"widget\" data-widget_type=\"text-editor.default\">\n\t\t\t\t<div class=\"elementor-widget-container\">\n\t\t\t\t\t\t\t\t\t<h2>1. INFORMATION \u00c0 L&#039;UTILISATEUR<strong><br \/><\/strong><\/h2><p><strong>TRANSFORMADOS MET\u00c1LICOS TORAL, SL<\/strong>, ci-apr\u00e8s RESPONSABLE, est responsable du traitement des donn\u00e9es personnelles de l&#039;utilisateur et vous informe que ces donn\u00e9es seront trait\u00e9es conform\u00e9ment aux dispositions du r\u00e8glement (UE) 2016\/679 du 27 avril (RGPD) et de la loi organique 3\/2018 du d\u00e9cembre. 5 (LOPDGDD), les informations de traitement suivantes sont donc fournies\u00a0:<\/p><p><strong>Fin du traitement<\/strong>: entretenir une relation commerciale avec l&#039;utilisateur. Les op\u00e9rations pr\u00e9vues pour r\u00e9aliser le traitement sont :<\/p><ul><li>Envoi de communications publicitaires commerciales par courrier \u00e9lectronique, fax, SMS, MMS, communaut\u00e9s sociales ou tout autre moyen \u00e9lectronique ou physique, pr\u00e9sent ou futur, permettant d&#039;effectuer des communications commerciales. Ces communications seront effectu\u00e9es par le CONTR\u00d4LEUR et li\u00e9es \u00e0 ses produits et services, ou \u00e0 ses collaborateurs ou fournisseurs avec lesquels il a conclu un accord promotionnel. Dans ce cas, les tiers n\u2019auront jamais acc\u00e8s aux donn\u00e9es personnelles.<\/li><li>R\u00e9aliser des \u00e9tudes statistiques.<\/li><li>Traiter les commandes, les demandes ou tout type de demande formul\u00e9e par l&#039;utilisateur via l&#039;un des formulaires de contact mis \u00e0 disposition.<\/li><li>Transf\u00e9rer la newsletter sur le site Internet.<\/li><\/ul><p><strong><br \/>Base juridique du traitement<\/strong>: consentement de l&#039;int\u00e9ress\u00e9.<\/p><p><strong>Crit\u00e8res de conservation des donn\u00e9es<\/strong>: elles ne seront pas conserv\u00e9es plus longtemps que n\u00e9cessaire pour maintenir la finalit\u00e9 du traitement et lorsqu&#039;elles ne seront plus n\u00e9cessaires \u00e0 cette finalit\u00e9, elles seront supprim\u00e9es avec des mesures de s\u00e9curit\u00e9 appropri\u00e9es pour garantir la pseudonymisation des donn\u00e9es ou leur destruction totale.<\/p><p><strong>Communication de donn\u00e9es<\/strong>: Les donn\u00e9es ne seront pas communiqu\u00e9es \u00e0 des tiers, sauf obligation l\u00e9gale.<\/p><h3>Droits qui assistent l&#039;utilisateur\u00a0:<\/h3><ul><li>Droit de retirer son consentement \u00e0 tout moment.<\/li><li>Droit d&#039;acc\u00e8s, de rectification, de portabilit\u00e9 et de suppression de vos donn\u00e9es et de limitation ou d&#039;opposition \u00e0 leur traitement.<\/li><li>Droit de d\u00e9poser une r\u00e9clamation aupr\u00e8s de l&#039;autorit\u00e9 de contr\u00f4le (www.aepd.es) si vous estimez que le traitement n&#039;est pas conforme \u00e0 la r\u00e9glementation en vigueur.<\/li><\/ul><h3>Coordonn\u00e9es pour exercer vos droits :<\/h3><p>TRANSFORMADOS MET\u00c1LICOS TORAL, SL C\/ PLATA, 58 \u2013 47012 Valladolid (Espagne).<\/p><p>E-mail: <a href=\"mailto:tmt@transformadosmetalicostoral.com\">tmt@transformadosmetalicostoral.com<\/a><\/p><p>\u00a0<\/p><h2>2. CARACT\u00c8RE OBLIGATOIRE OU OPTIONNEL DES INFORMATIONS FOURNIES PAR L&#039;UTILISATEUR<strong>\u00a0<\/strong><\/h2><p>Les utilisateurs, en cochant les cases correspondantes et en saisissant les donn\u00e9es dans les champs marqu\u00e9s d&#039;un ast\u00e9risque (*) dans le formulaire de contact ou pr\u00e9sent\u00e9s dans les formulaires de t\u00e9l\u00e9chargement, acceptent express\u00e9ment, librement et sans \u00e9quivoque que leurs donn\u00e9es soient n\u00e9cessaires pour que le prestataire puisse r\u00e9pondre \u00e0 votre demande. , l&#039;inclusion des donn\u00e9es dans les champs restants \u00e9tant volontaire. L&#039;utilisateur garantit que les donn\u00e9es personnelles fournies au RESPONSABLE sont v\u00e9ridiques et est responsable de communiquer toute modification de celles-ci.<\/p><p>Le RESPONSABLE informe et garantit express\u00e9ment aux utilisateurs que leurs donn\u00e9es personnelles ne seront en aucun cas c\u00e9d\u00e9es \u00e0 des tiers, et que chaque fois que tout type de transfert de donn\u00e9es personnelles sera effectu\u00e9, il sera demand\u00e9 au pr\u00e9alable \u00e0 l&#039;utilisateur son consentement expr\u00e8s, \u00e9clair\u00e9 et sans \u00e9quivoque. Toutes les donn\u00e9es demand\u00e9es via le site Web marqu\u00e9es d&#039;un ast\u00e9risque (*) sont obligatoires, car elles sont n\u00e9cessaires pour fournir un service optimal \u00e0 l&#039;utilisateur. Si toutes les donn\u00e9es ne sont pas fournies, il n&#039;est pas garanti que les informations et les services fournis soient enti\u00e8rement adapt\u00e9s \u00e0 vos besoins.<\/p><p>\u00a0<\/p><h2>3. MESURES DE S\u00c9CURIT\u00c9<\/h2><p>Conform\u00e9ment aux dispositions de la r\u00e9glementation en vigueur sur la protection des donn\u00e9es personnelles, le RESPONSABLE se conforme \u00e0 toutes les dispositions de la r\u00e9glementation RGPD pour les traitements de donn\u00e9es personnelles sous sa responsabilit\u00e9, et manifestement aux principes d\u00e9crits \u00e0 l&#039;article 5 du RGPD. , pour lesquels ils sont trait\u00e9s de mani\u00e8re licite, \u00e9quitable et transparente par rapport \u00e0 l&#039;int\u00e9ress\u00e9 et ad\u00e9quate, pertinente et limit\u00e9e \u00e0 ce qui est n\u00e9cessaire au regard des finalit\u00e9s pour lesquelles ils sont trait\u00e9s.<\/p><p>Le RESPONSABLE garantit qu&#039;il a mis en \u0153uvre des politiques techniques et organisationnelles appropri\u00e9es pour appliquer les mesures de s\u00e9curit\u00e9 \u00e9tablies par le RGPD afin de prot\u00e9ger les droits et libert\u00e9s des utilisateurs et qu&#039;il leur a communiqu\u00e9 les informations appropri\u00e9es afin qu&#039;ils puissent les exercer.<\/p>\t\t\t\t\t\t\t\t<\/div>\n\t\t\t\t<\/div>\n\t\t\t\t\t<\/div>\n\t\t\t\t<\/div>\n\t\t\t\t<\/div>","protected":false},"excerpt":{"rendered":"<p>Pol\u00edtica de privacidad 1. INFORMACI\u00d3N AL USUARIO TRANSFORMADOS MET\u00c1LICOS TORAL, S.L., en adelante RESPONSABLE, es el responsable del tratamiento de los datos personales del usuario y le informa que estos datos ser\u00e1n tratados de conformidad con lo dispuesto en el Reglamento (UE) 2016\/679 de 27 de abril (GDPR) y la Ley Org\u00e1nica 3\/2018 de 5 [&hellip;]<\/p>\n","protected":false},"author":4,"featured_media":0,"parent":0,"menu_order":0,"comment_status":"closed","ping_status":"closed","template":"elementor_header_footer","meta":{"_monsterinsights_skip_tracking":false,"_monsterinsights_sitenote_active":false,"_monsterinsights_sitenote_note":"","_monsterinsights_sitenote_category":0,"footnotes":""},"class_list":["post-1243","page","type-page","status-publish","hentry"],"yoast_head":"<!-- This site is optimized with the Yoast SEO plugin v27.6 - https:\/\/yoast.com\/product\/yoast-seo-wordpress\/ -->\n<title>Pol\u00edtica de privacidad - Transformados Met\u00e1licos Toral<\/title>\n<meta name=\"robots\" content=\"noindex, follow\" \/>\n<meta property=\"og:locale\" content=\"fr_FR\" \/>\n<meta property=\"og:type\" content=\"article\" \/>\n<meta property=\"og:title\" content=\"Pol\u00edtica de privacidad - Transformados Met\u00e1licos Toral\" \/>\n<meta property=\"og:description\" content=\"Pol\u00edtica de privacidad 1. INFORMACI\u00d3N AL USUARIO TRANSFORMADOS MET\u00c1LICOS TORAL, S.L., en adelante RESPONSABLE, es el responsable del tratamiento de los datos personales del usuario y le informa que estos datos ser\u00e1n tratados de conformidad con lo dispuesto en el Reglamento (UE) 2016\/679 de 27 de abril (GDPR) y la Ley Org\u00e1nica 3\/2018 de 5 [&hellip;]\" \/>\n<meta property=\"og:url\" content=\"https:\/\/transformadosmetalicostoral.com\/fr\/politique-de-confidentialite\/\" \/>\n<meta property=\"og:site_name\" content=\"Transformados Met\u00e1licos Toral\" \/>\n<meta property=\"article:publisher\" content=\"https:\/\/www.facebook.com\/p\/Transformados-Metalicos-Toral-100046589936217\/\" \/>\n<meta property=\"article:modified_time\" content=\"2023-09-13T10:27:19+00:00\" \/>\n<meta property=\"og:image\" content=\"https:\/\/transformadosmetalicostoral.com\/wp-content\/uploads\/2023\/07\/Transformados-metalicos-Toral-Valladolid_1.webp\" \/>\n\t<meta property=\"og:image:width\" content=\"2560\" \/>\n\t<meta property=\"og:image:height\" content=\"1707\" \/>\n\t<meta property=\"og:image:type\" content=\"image\/webp\" \/>\n<meta name=\"twitter:card\" content=\"summary_large_image\" \/>\n<meta name=\"twitter:label1\" content=\"Dur\u00e9e de lecture estim\u00e9e\" \/>\n\t<meta name=\"twitter:data1\" content=\"4 minutes\" \/>\n<script type=\"application\/ld+json\" class=\"yoast-schema-graph\">{\"@context\":\"https:\\\/\\\/schema.org\",\"@graph\":[{\"@type\":\"WebPage\",\"@id\":\"https:\\\/\\\/transformadosmetalicostoral.com\\\/politica-de-privacidad\\\/\",\"url\":\"https:\\\/\\\/transformadosmetalicostoral.com\\\/politica-de-privacidad\\\/\",\"name\":\"Pol\u00edtica de privacidad - Transformados Met\u00e1licos Toral\",\"isPartOf\":{\"@id\":\"https:\\\/\\\/transformadosmetalicostoral.com\\\/#website\"},\"datePublished\":\"2023-07-27T12:08:50+00:00\",\"dateModified\":\"2023-09-13T10:27:19+00:00\",\"breadcrumb\":{\"@id\":\"https:\\\/\\\/transformadosmetalicostoral.com\\\/politica-de-privacidad\\\/#breadcrumb\"},\"inLanguage\":\"fr-FR\",\"potentialAction\":[{\"@type\":\"ReadAction\",\"target\":[\"https:\\\/\\\/transformadosmetalicostoral.com\\\/politica-de-privacidad\\\/\"]}]},{\"@type\":\"BreadcrumbList\",\"@id\":\"https:\\\/\\\/transformadosmetalicostoral.com\\\/politica-de-privacidad\\\/#breadcrumb\",\"itemListElement\":[{\"@type\":\"ListItem\",\"position\":1,\"name\":\"Portada\",\"item\":\"https:\\\/\\\/transformadosmetalicostoral.com\\\/\"},{\"@type\":\"ListItem\",\"position\":2,\"name\":\"Pol\u00edtica de privacidad\"}]},{\"@type\":\"WebSite\",\"@id\":\"https:\\\/\\\/transformadosmetalicostoral.com\\\/#website\",\"url\":\"https:\\\/\\\/transformadosmetalicostoral.com\\\/\",\"name\":\"Transformados met\u00e1licos Toral\",\"description\":\"Trabajos de estampaci\u00f3n y\u00a0embutici\u00f3n de piezas met\u00e1licas, soldadura de acero, aluminio y acero inoxidable, y en el dise\u00f1o, construcci\u00f3n\u00a0y montaje de instalaciones mec\u00e1nicas llave en mano\",\"publisher\":{\"@id\":\"https:\\\/\\\/transformadosmetalicostoral.com\\\/#organization\"},\"alternateName\":\"Transformados met\u00e1licos Toral\",\"potentialAction\":[{\"@type\":\"SearchAction\",\"target\":{\"@type\":\"EntryPoint\",\"urlTemplate\":\"https:\\\/\\\/transformadosmetalicostoral.com\\\/?s={search_term_string}\"},\"query-input\":{\"@type\":\"PropertyValueSpecification\",\"valueRequired\":true,\"valueName\":\"search_term_string\"}}],\"inLanguage\":\"fr-FR\"},{\"@type\":\"Organization\",\"@id\":\"https:\\\/\\\/transformadosmetalicostoral.com\\\/#organization\",\"name\":\"Transformados met\u00e1licos Toral\",\"alternateName\":\"Transformados met\u00e1licos Toral\",\"url\":\"https:\\\/\\\/transformadosmetalicostoral.com\\\/\",\"logo\":{\"@type\":\"ImageObject\",\"inLanguage\":\"fr-FR\",\"@id\":\"https:\\\/\\\/transformadosmetalicostoral.com\\\/#\\\/schema\\\/logo\\\/image\\\/\",\"url\":\"https:\\\/\\\/transformadosmetalicostoral.com\\\/wp-content\\\/uploads\\\/2023\\\/06\\\/favicon.png\",\"contentUrl\":\"https:\\\/\\\/transformadosmetalicostoral.com\\\/wp-content\\\/uploads\\\/2023\\\/06\\\/favicon.png\",\"width\":512,\"height\":512,\"caption\":\"Transformados met\u00e1licos Toral\"},\"image\":{\"@id\":\"https:\\\/\\\/transformadosmetalicostoral.com\\\/#\\\/schema\\\/logo\\\/image\\\/\"},\"sameAs\":[\"https:\\\/\\\/www.facebook.com\\\/p\\\/Transformados-Metalicos-Toral-100046589936217\\\/\",\"https:\\\/\\\/es.linkedin.com\\\/company\\\/transformados-metalicos-toral-sl\"]}]}<\/script>\n<!-- \/ Yoast SEO plugin. -->","yoast_head_json":{"title":"Politique de confidentialit\u00e9 - Transformados Met\u00e1licos Toral","robots":{"index":"noindex","follow":"follow"},"og_locale":"fr_FR","og_type":"article","og_title":"Pol\u00edtica de privacidad - Transformados Met\u00e1licos Toral","og_description":"Pol\u00edtica de privacidad 1. INFORMACI\u00d3N AL USUARIO TRANSFORMADOS MET\u00c1LICOS TORAL, S.L., en adelante RESPONSABLE, es el responsable del tratamiento de los datos personales del usuario y le informa que estos datos ser\u00e1n tratados de conformidad con lo dispuesto en el Reglamento (UE) 2016\/679 de 27 de abril (GDPR) y la Ley Org\u00e1nica 3\/2018 de 5 [&hellip;]","og_url":"https:\/\/transformadosmetalicostoral.com\/fr\/politique-de-confidentialite\/","og_site_name":"Transformados Met\u00e1licos Toral","article_publisher":"https:\/\/www.facebook.com\/p\/Transformados-Metalicos-Toral-100046589936217\/","article_modified_time":"2023-09-13T10:27:19+00:00","og_image":[{"width":2560,"height":1707,"url":"https:\/\/transformadosmetalicostoral.com\/wp-content\/uploads\/2023\/07\/Transformados-metalicos-Toral-Valladolid_1.webp","type":"image\/webp"}],"twitter_card":"summary_large_image","twitter_misc":{"Dur\u00e9e de lecture estim\u00e9e":"4 minutes"},"schema":{"@context":"https:\/\/schema.org","@graph":[{"@type":"WebPage","@id":"https:\/\/transformadosmetalicostoral.com\/politica-de-privacidad\/","url":"https:\/\/transformadosmetalicostoral.com\/politica-de-privacidad\/","name":"Politique de confidentialit\u00e9 - Transformados Met\u00e1licos Toral","isPartOf":{"@id":"https:\/\/transformadosmetalicostoral.com\/#website"},"datePublished":"2023-07-27T12:08:50+00:00","dateModified":"2023-09-13T10:27:19+00:00","breadcrumb":{"@id":"https:\/\/transformadosmetalicostoral.com\/politica-de-privacidad\/#breadcrumb"},"inLanguage":"fr-FR","potentialAction":[{"@type":"ReadAction","target":["https:\/\/transformadosmetalicostoral.com\/politica-de-privacidad\/"]}]},{"@type":"BreadcrumbList","@id":"https:\/\/transformadosmetalicostoral.com\/politica-de-privacidad\/#breadcrumb","itemListElement":[{"@type":"ListItem","position":1,"name":"Portada","item":"https:\/\/transformadosmetalicostoral.com\/"},{"@type":"ListItem","position":2,"name":"Pol\u00edtica de privacidad"}]},{"@type":"WebSite","@id":"https:\/\/transformadosmetalicostoral.com\/#website","url":"https:\/\/transformadosmetalicostoral.com\/","name":"Transformateurs m\u00e9talliques Toral","description":"Travaux d&#039;emboutissage et d&#039;emboutissage de pi\u00e8ces m\u00e9talliques, de soudage de l&#039;acier, de l&#039;aluminium et de l&#039;acier inoxydable, ainsi que dans la conception, la construction et le montage d&#039;installations m\u00e9caniques cl\u00e9 en main.","publisher":{"@id":"https:\/\/transformadosmetalicostoral.com\/#organization"},"alternateName":"Transformados met\u00e1licos Toral","potentialAction":[{"@type":"SearchAction","target":{"@type":"EntryPoint","urlTemplate":"https:\/\/transformadosmetalicostoral.com\/?s={search_term_string}"},"query-input":{"@type":"PropertyValueSpecification","valueRequired":true,"valueName":"search_term_string"}}],"inLanguage":"fr-FR"},{"@type":"Organization","@id":"https:\/\/transformadosmetalicostoral.com\/#organization","name":"Transformateurs m\u00e9talliques Toral","alternateName":"Transformados met\u00e1licos Toral","url":"https:\/\/transformadosmetalicostoral.com\/","logo":{"@type":"ImageObject","inLanguage":"fr-FR","@id":"https:\/\/transformadosmetalicostoral.com\/#\/schema\/logo\/image\/","url":"https:\/\/transformadosmetalicostoral.com\/wp-content\/uploads\/2023\/06\/favicon.png","contentUrl":"https:\/\/transformadosmetalicostoral.com\/wp-content\/uploads\/2023\/06\/favicon.png","width":512,"height":512,"caption":"Transformados met\u00e1licos Toral"},"image":{"@id":"https:\/\/transformadosmetalicostoral.com\/#\/schema\/logo\/image\/"},"sameAs":["https:\/\/www.facebook.com\/p\/Transformados-Metalicos-Toral-100046589936217\/","https:\/\/es.linkedin.com\/company\/transformados-metalicos-toral-sl"]}]}},"_links":{"self":[{"href":"https:\/\/transformadosmetalicostoral.com\/fr\/wp-json\/wp\/v2\/pages\/1243","targetHints":{"allow":["GET"]}}],"collection":[{"href":"https:\/\/transformadosmetalicostoral.com\/fr\/wp-json\/wp\/v2\/pages"}],"about":[{"href":"https:\/\/transformadosmetalicostoral.com\/fr\/wp-json\/wp\/v2\/types\/page"}],"author":[{"embeddable":true,"href":"https:\/\/transformadosmetalicostoral.com\/fr\/wp-json\/wp\/v2\/users\/4"}],"replies":[{"embeddable":true,"href":"https:\/\/transformadosmetalicostoral.com\/fr\/wp-json\/wp\/v2\/comments?post=1243"}],"version-history":[{"count":3,"href":"https:\/\/transformadosmetalicostoral.com\/fr\/wp-json\/wp\/v2\/pages\/1243\/revisions"}],"predecessor-version":[{"id":1956,"href":"https:\/\/transformadosmetalicostoral.com\/fr\/wp-json\/wp\/v2\/pages\/1243\/revisions\/1956"}],"wp:attachment":[{"href":"https:\/\/transformadosmetalicostoral.com\/fr\/wp-json\/wp\/v2\/media?parent=1243"}],"curies":[{"name":"wp","href":"https:\/\/api.w.org\/{rel}","templated":true}]}}